{"id":50793,"date":"2015-03-25T14:57:36","date_gmt":"2015-03-25T14:57:36","guid":{"rendered":"http:\/\/ccsupport.biz\/es\/home\/"},"modified":"2015-12-23T11:02:05","modified_gmt":"2015-12-23T10:02:05","slug":"home","status":"publish","type":"page","link":"https:\/\/www.ccsupport.biz\/es\/","title":{"rendered":"INICIO"},"content":{"rendered":"<h3>Toma el control de tu boleta de tel\u00e9fono m\u00f3vil<\/h3>\n<p>Consulta facilmente tus transacciones o cancela las suscripciones cargadas en la boleta del tel\u00e9fono. Entra facimente usando tu n\u00famero de tel\u00e9fono m\u00f3vil, no se necesita informaci\u00f3n addicional ni registraci\u00f3n. Una vez iniciada la sesci\u00f3n, puedes ver todas las transacciones y manejar la suscripciones facilmente.<\/p>\n","protected":false},"excerpt":{"rendered":"<p>Toma el control de tu boleta de tel\u00e9fono m\u00f3vil Consulta facilmente tus transacciones o cancela las suscripciones cargadas en la boleta del tel\u00e9fono. Entra facimente usando tu n\u00famero de tel\u00e9fono m\u00f3vil, no se necesita informaci\u00f3n addicional ni registraci\u00f3n. Una vez iniciada la sesci\u00f3n, puedes ver todas las transacciones y manejar la suscripciones facilmente.<\/p>\n","protected":false},"author":2,"featured_media":0,"parent":0,"menu_order":0,"comment_status":"open","ping_status":"closed","template":"template-homepage.php","meta":[],"yoast_head":"<!-- This site is optimized with the Yoast SEO plugin v18.6 - https:\/\/yoast.com\/wordpress\/plugins\/seo\/ -->\n<title>INICIO - CC Support<\/title>\n<meta name=\"robots\" content=\"noindex, follow, max-snippet:-1, max-image-preview:large, max-video-preview:-1\" \/>\n<meta property=\"og:locale\" content=\"es_ES\" \/>\n<meta property=\"og:type\" content=\"article\" \/>\n<meta property=\"og:title\" content=\"INICIO - CC Support\" \/>\n<meta property=\"og:description\" content=\"Toma el control de tu boleta de tel\u00e9fono m\u00f3vil Consulta facilmente tus transacciones o cancela las suscripciones cargadas en la boleta del tel\u00e9fono. Entra facimente usando tu n\u00famero de tel\u00e9fono m\u00f3vil, no se necesita informaci\u00f3n addicional ni registraci\u00f3n. Una vez iniciada la sesci\u00f3n, puedes ver todas las transacciones y manejar la suscripciones facilmente.\" \/>\n<meta property=\"og:url\" content=\"https:\/\/ccsupport.biz\/es\/\" \/>\n<meta property=\"og:site_name\" content=\"CC Support\" \/>\n<meta property=\"article:modified_time\" content=\"2015-12-23T10:02:05+00:00\" \/>\n<script type=\"application\/ld+json\" class=\"yoast-schema-graph\">{\"@context\":\"https:\/\/schema.org\",\"@graph\":[{\"@type\":\"WebSite\",\"@id\":\"https:\/\/ccsupport.biz\/#website\",\"url\":\"https:\/\/ccsupport.biz\/\",\"name\":\"CC Support\",\"description\":\"\",\"potentialAction\":[{\"@type\":\"SearchAction\",\"target\":{\"@type\":\"EntryPoint\",\"urlTemplate\":\"https:\/\/ccsupport.biz\/?s={search_term_string}\"},\"query-input\":\"required name=search_term_string\"}],\"inLanguage\":\"es-ES\"},{\"@type\":\"WebPage\",\"@id\":\"https:\/\/ccsupport.biz\/es\/#webpage\",\"url\":\"https:\/\/ccsupport.biz\/es\/\",\"name\":\"INICIO - CC Support\",\"isPartOf\":{\"@id\":\"https:\/\/ccsupport.biz\/#website\"},\"datePublished\":\"2015-03-25T14:57:36+00:00\",\"dateModified\":\"2015-12-23T10:02:05+00:00\",\"breadcrumb\":{\"@id\":\"https:\/\/ccsupport.biz\/es\/#breadcrumb\"},\"inLanguage\":\"es-ES\",\"potentialAction\":[{\"@type\":\"ReadAction\",\"target\":[\"https:\/\/ccsupport.biz\/es\/\"]}]},{\"@type\":\"BreadcrumbList\",\"@id\":\"https:\/\/ccsupport.biz\/es\/#breadcrumb\",\"itemListElement\":[{\"@type\":\"ListItem\",\"position\":1,\"name\":\"Home\",\"item\":\"https:\/\/ccsupport.biz\/es\/\"},{\"@type\":\"ListItem\",\"position\":2,\"name\":\"INICIO\"}]}]}<\/script>\n<!-- \/ Yoast SEO plugin. -->","yoast_head_json":{"title":"INICIO - CC Support","robots":{"index":"noindex","follow":"follow","max-snippet":"max-snippet:-1","max-image-preview":"max-image-preview:large","max-video-preview":"max-video-preview:-1"},"og_locale":"es_ES","og_type":"article","og_title":"INICIO - CC Support","og_description":"Toma el control de tu boleta de tel\u00e9fono m\u00f3vil Consulta facilmente tus transacciones o cancela las suscripciones cargadas en la boleta del tel\u00e9fono. Entra facimente usando tu n\u00famero de tel\u00e9fono m\u00f3vil, no se necesita informaci\u00f3n addicional ni registraci\u00f3n. Una vez iniciada la sesci\u00f3n, puedes ver todas las transacciones y manejar la suscripciones facilmente.","og_url":"https:\/\/ccsupport.biz\/es\/","og_site_name":"CC Support","article_modified_time":"2015-12-23T10:02:05+00:00","schema":{"@context":"https:\/\/schema.org","@graph":[{"@type":"WebSite","@id":"https:\/\/ccsupport.biz\/#website","url":"https:\/\/ccsupport.biz\/","name":"CC Support","description":"","potentialAction":[{"@type":"SearchAction","target":{"@type":"EntryPoint","urlTemplate":"https:\/\/ccsupport.biz\/?s={search_term_string}"},"query-input":"required name=search_term_string"}],"inLanguage":"es-ES"},{"@type":"WebPage","@id":"https:\/\/ccsupport.biz\/es\/#webpage","url":"https:\/\/ccsupport.biz\/es\/","name":"INICIO - CC Support","isPartOf":{"@id":"https:\/\/ccsupport.biz\/#website"},"datePublished":"2015-03-25T14:57:36+00:00","dateModified":"2015-12-23T10:02:05+00:00","breadcrumb":{"@id":"https:\/\/ccsupport.biz\/es\/#breadcrumb"},"inLanguage":"es-ES","potentialAction":[{"@type":"ReadAction","target":["https:\/\/ccsupport.biz\/es\/"]}]},{"@type":"BreadcrumbList","@id":"https:\/\/ccsupport.biz\/es\/#breadcrumb","itemListElement":[{"@type":"ListItem","position":1,"name":"Home","item":"https:\/\/ccsupport.biz\/es\/"},{"@type":"ListItem","position":2,"name":"INICIO"}]}]}},"_links":{"self":[{"href":"https:\/\/www.ccsupport.biz\/es\/wp-json\/wp\/v2\/pages\/50793"}],"collection":[{"href":"https:\/\/www.ccsupport.biz\/es\/wp-json\/wp\/v2\/pages"}],"about":[{"href":"https:\/\/www.ccsupport.biz\/es\/wp-json\/wp\/v2\/types\/page"}],"author":[{"embeddable":true,"href":"https:\/\/www.ccsupport.biz\/es\/wp-json\/wp\/v2\/users\/2"}],"replies":[{"embeddable":true,"href":"https:\/\/www.ccsupport.biz\/es\/wp-json\/wp\/v2\/comments?post=50793"}],"version-history":[{"count":0,"href":"https:\/\/www.ccsupport.biz\/es\/wp-json\/wp\/v2\/pages\/50793\/revisions"}],"wp:attachment":[{"href":"https:\/\/www.ccsupport.biz\/es\/wp-json\/wp\/v2\/media?parent=50793"}],"curies":[{"name":"wp","href":"https:\/\/api.w.org\/{rel}","templated":true}]}}