{"id":50835,"date":"2015-03-25T14:58:26","date_gmt":"2015-03-25T14:58:26","guid":{"rendered":"http:\/\/ccsupport.biz\/es\/contact\/"},"modified":"2015-12-23T10:56:36","modified_gmt":"2015-12-23T09:56:36","slug":"contact","status":"publish","type":"page","link":"https:\/\/www.ccsupport.biz\/es\/contact\/","title":{"rendered":"CONTACTO"},"content":{"rendered":"<h3>Tu satisfacci\u00f3n es importante para nosotros!!<\/h3>\n<p>Es por eso que ofrecemos un servicio simple y confiable, que ofrece informaci\u00f3n precisa sobre la facturaci\u00f3n de telefon\u00eda m\u00f3vil. Encontrar\u00e1s informaci\u00f3n acerca de todas las transacciones y otra informaci\u00f3n vital. No obstante, si todav\u00eda quieres ponerte en contacto con nosotros, por favor hazlo atreves del formulario de contacto.<\/p>\n","protected":false},"excerpt":{"rendered":"<p>Tu satisfacci\u00f3n es importante para nosotros!! Es por eso que ofrecemos un servicio simple y confiable, que ofrece informaci\u00f3n precisa sobre la facturaci\u00f3n de telefon\u00eda m\u00f3vil. Encontrar\u00e1s informaci\u00f3n acerca de todas las transacciones y otra informaci\u00f3n vital. No obstante, si todav\u00eda quieres ponerte en contacto con nosotros, por favor hazlo atreves del formulario de contacto.<\/p>\n","protected":false},"author":2,"featured_media":0,"parent":0,"menu_order":4,"comment_status":"open","ping_status":"closed","template":"template-contact.php","meta":[],"yoast_head":"<!-- This site is optimized with the Yoast SEO plugin v18.6 - https:\/\/yoast.com\/wordpress\/plugins\/seo\/ -->\n<title>CONTACTO - CC Support<\/title>\n<meta name=\"robots\" content=\"noindex, follow, max-snippet:-1, max-image-preview:large, max-video-preview:-1\" \/>\n<meta property=\"og:locale\" content=\"es_ES\" \/>\n<meta property=\"og:type\" content=\"article\" \/>\n<meta property=\"og:title\" content=\"CONTACTO - CC Support\" \/>\n<meta property=\"og:description\" content=\"Tu satisfacci\u00f3n es importante para nosotros!! Es por eso que ofrecemos un servicio simple y confiable, que ofrece informaci\u00f3n precisa sobre la facturaci\u00f3n de telefon\u00eda m\u00f3vil. Encontrar\u00e1s informaci\u00f3n acerca de todas las transacciones y otra informaci\u00f3n vital. No obstante, si todav\u00eda quieres ponerte en contacto con nosotros, por favor hazlo atreves del formulario de contacto.\" \/>\n<meta property=\"og:url\" content=\"https:\/\/www.ccsupport.biz\/es\/contact\/\" \/>\n<meta property=\"og:site_name\" content=\"CC Support\" \/>\n<meta property=\"article:modified_time\" content=\"2015-12-23T09:56:36+00:00\" \/>\n<script type=\"application\/ld+json\" class=\"yoast-schema-graph\">{\"@context\":\"https:\/\/schema.org\",\"@graph\":[{\"@type\":\"WebSite\",\"@id\":\"https:\/\/ccsupport.biz\/#website\",\"url\":\"https:\/\/ccsupport.biz\/\",\"name\":\"CC Support\",\"description\":\"\",\"potentialAction\":[{\"@type\":\"SearchAction\",\"target\":{\"@type\":\"EntryPoint\",\"urlTemplate\":\"https:\/\/ccsupport.biz\/?s={search_term_string}\"},\"query-input\":\"required name=search_term_string\"}],\"inLanguage\":\"es-ES\"},{\"@type\":\"WebPage\",\"@id\":\"https:\/\/www.ccsupport.biz\/es\/contact\/#webpage\",\"url\":\"https:\/\/www.ccsupport.biz\/es\/contact\/\",\"name\":\"CONTACTO - CC Support\",\"isPartOf\":{\"@id\":\"https:\/\/ccsupport.biz\/#website\"},\"datePublished\":\"2015-03-25T14:58:26+00:00\",\"dateModified\":\"2015-12-23T09:56:36+00:00\",\"breadcrumb\":{\"@id\":\"https:\/\/www.ccsupport.biz\/es\/contact\/#breadcrumb\"},\"inLanguage\":\"es-ES\",\"potentialAction\":[{\"@type\":\"ReadAction\",\"target\":[\"https:\/\/www.ccsupport.biz\/es\/contact\/\"]}]},{\"@type\":\"BreadcrumbList\",\"@id\":\"https:\/\/www.ccsupport.biz\/es\/contact\/#breadcrumb\",\"itemListElement\":[{\"@type\":\"ListItem\",\"position\":1,\"name\":\"Home\",\"item\":\"https:\/\/ccsupport.biz\/es\/\"},{\"@type\":\"ListItem\",\"position\":2,\"name\":\"CONTACTO\"}]}]}<\/script>\n<!-- \/ Yoast SEO plugin. -->","yoast_head_json":{"title":"CONTACTO - CC Support","robots":{"index":"noindex","follow":"follow","max-snippet":"max-snippet:-1","max-image-preview":"max-image-preview:large","max-video-preview":"max-video-preview:-1"},"og_locale":"es_ES","og_type":"article","og_title":"CONTACTO - CC Support","og_description":"Tu satisfacci\u00f3n es importante para nosotros!! Es por eso que ofrecemos un servicio simple y confiable, que ofrece informaci\u00f3n precisa sobre la facturaci\u00f3n de telefon\u00eda m\u00f3vil. Encontrar\u00e1s informaci\u00f3n acerca de todas las transacciones y otra informaci\u00f3n vital. No obstante, si todav\u00eda quieres ponerte en contacto con nosotros, por favor hazlo atreves del formulario de contacto.","og_url":"https:\/\/www.ccsupport.biz\/es\/contact\/","og_site_name":"CC Support","article_modified_time":"2015-12-23T09:56:36+00:00","schema":{"@context":"https:\/\/schema.org","@graph":[{"@type":"WebSite","@id":"https:\/\/ccsupport.biz\/#website","url":"https:\/\/ccsupport.biz\/","name":"CC Support","description":"","potentialAction":[{"@type":"SearchAction","target":{"@type":"EntryPoint","urlTemplate":"https:\/\/ccsupport.biz\/?s={search_term_string}"},"query-input":"required name=search_term_string"}],"inLanguage":"es-ES"},{"@type":"WebPage","@id":"https:\/\/www.ccsupport.biz\/es\/contact\/#webpage","url":"https:\/\/www.ccsupport.biz\/es\/contact\/","name":"CONTACTO - CC Support","isPartOf":{"@id":"https:\/\/ccsupport.biz\/#website"},"datePublished":"2015-03-25T14:58:26+00:00","dateModified":"2015-12-23T09:56:36+00:00","breadcrumb":{"@id":"https:\/\/www.ccsupport.biz\/es\/contact\/#breadcrumb"},"inLanguage":"es-ES","potentialAction":[{"@type":"ReadAction","target":["https:\/\/www.ccsupport.biz\/es\/contact\/"]}]},{"@type":"BreadcrumbList","@id":"https:\/\/www.ccsupport.biz\/es\/contact\/#breadcrumb","itemListElement":[{"@type":"ListItem","position":1,"name":"Home","item":"https:\/\/ccsupport.biz\/es\/"},{"@type":"ListItem","position":2,"name":"CONTACTO"}]}]}},"_links":{"self":[{"href":"https:\/\/www.ccsupport.biz\/es\/wp-json\/wp\/v2\/pages\/50835"}],"collection":[{"href":"https:\/\/www.ccsupport.biz\/es\/wp-json\/wp\/v2\/pages"}],"about":[{"href":"https:\/\/www.ccsupport.biz\/es\/wp-json\/wp\/v2\/types\/page"}],"author":[{"embeddable":true,"href":"https:\/\/www.ccsupport.biz\/es\/wp-json\/wp\/v2\/users\/2"}],"replies":[{"embeddable":true,"href":"https:\/\/www.ccsupport.biz\/es\/wp-json\/wp\/v2\/comments?post=50835"}],"version-history":[{"count":0,"href":"https:\/\/www.ccsupport.biz\/es\/wp-json\/wp\/v2\/pages\/50835\/revisions"}],"wp:attachment":[{"href":"https:\/\/www.ccsupport.biz\/es\/wp-json\/wp\/v2\/media?parent=50835"}],"curies":[{"name":"wp","href":"https:\/\/api.w.org\/{rel}","templated":true}]}}