{"id":47361,"date":"2015-03-25T14:57:36","date_gmt":"2015-03-25T13:57:36","guid":{"rendered":"http:\/\/ccsupport.biz\/fr\/home\/"},"modified":"2022-05-23T11:37:36","modified_gmt":"2022-05-23T09:37:36","slug":"home","status":"publish","type":"page","link":"https:\/\/www.ccsupport.biz\/fr\/","title":{"rendered":"ACCEUIL"},"content":{"rendered":"<h3>Prenez votre facture mobile<\/h3>\n<p>Vous pouvez voir facilement les transactions ou d&#8217;annuler les abonnements qui sont factur\u00e9s \u00e0 votre facture de t\u00e9l\u00e9phone portable. Il vous suffit de vous connecter en utilisant votre num\u00e9ro de t\u00e9l\u00e9phone, aucune autre information ou inscription est n\u00e9cessaire. Une fois que vous vous connectez, vous pouvez voir toutes les transactions et de g\u00e9rer les abonnements avec facilit\u00e9.<\/p>\n","protected":false},"excerpt":{"rendered":"<p>Prenez votre facture mobile Vous pouvez voir facilement les transactions ou d&#8217;annuler les abonnements qui sont factur\u00e9s \u00e0 votre facture de t\u00e9l\u00e9phone portable. Il vous suffit de vous connecter en utilisant votre num\u00e9ro de t\u00e9l\u00e9phone, aucune autre information ou inscription est n\u00e9cessaire. Une fois que vous vous connectez, vous pouvez voir toutes les transactions et [&hellip;]<\/p>\n","protected":false},"author":2,"featured_media":0,"parent":0,"menu_order":0,"comment_status":"open","ping_status":"closed","template":"template-homepage.php","meta":[],"yoast_head":"<!-- This site is optimized with the Yoast SEO plugin v18.6 - https:\/\/yoast.com\/wordpress\/plugins\/seo\/ -->\n<title>ACCEUIL - CC Support<\/title>\n<meta name=\"robots\" content=\"noindex, follow, max-snippet:-1, max-image-preview:large, max-video-preview:-1\" \/>\n<meta property=\"og:locale\" content=\"fr_FR\" \/>\n<meta property=\"og:type\" content=\"article\" \/>\n<meta property=\"og:title\" content=\"ACCEUIL - CC Support\" \/>\n<meta property=\"og:description\" content=\"Prenez votre facture mobile Vous pouvez voir facilement les transactions ou d&#8217;annuler les abonnements qui sont factur\u00e9s \u00e0 votre facture de t\u00e9l\u00e9phone portable. Il vous suffit de vous connecter en utilisant votre num\u00e9ro de t\u00e9l\u00e9phone, aucune autre information ou inscription est n\u00e9cessaire. Une fois que vous vous connectez, vous pouvez voir toutes les transactions et [&hellip;]\" \/>\n<meta property=\"og:url\" content=\"https:\/\/ccsupport.biz\/fr\/\" \/>\n<meta property=\"og:site_name\" content=\"CC Support\" \/>\n<meta property=\"article:modified_time\" content=\"2022-05-23T09:37:36+00:00\" \/>\n<script type=\"application\/ld+json\" class=\"yoast-schema-graph\">{\"@context\":\"https:\/\/schema.org\",\"@graph\":[{\"@type\":\"WebSite\",\"@id\":\"https:\/\/ccsupport.biz\/#website\",\"url\":\"https:\/\/ccsupport.biz\/\",\"name\":\"CC Support\",\"description\":\"\",\"potentialAction\":[{\"@type\":\"SearchAction\",\"target\":{\"@type\":\"EntryPoint\",\"urlTemplate\":\"https:\/\/ccsupport.biz\/?s={search_term_string}\"},\"query-input\":\"required name=search_term_string\"}],\"inLanguage\":\"fr-FR\"},{\"@type\":\"WebPage\",\"@id\":\"https:\/\/ccsupport.biz\/fr\/#webpage\",\"url\":\"https:\/\/ccsupport.biz\/fr\/\",\"name\":\"ACCEUIL - CC Support\",\"isPartOf\":{\"@id\":\"https:\/\/ccsupport.biz\/#website\"},\"datePublished\":\"2015-03-25T13:57:36+00:00\",\"dateModified\":\"2022-05-23T09:37:36+00:00\",\"breadcrumb\":{\"@id\":\"https:\/\/ccsupport.biz\/fr\/#breadcrumb\"},\"inLanguage\":\"fr-FR\",\"potentialAction\":[{\"@type\":\"ReadAction\",\"target\":[\"https:\/\/ccsupport.biz\/fr\/\"]}]},{\"@type\":\"BreadcrumbList\",\"@id\":\"https:\/\/ccsupport.biz\/fr\/#breadcrumb\",\"itemListElement\":[{\"@type\":\"ListItem\",\"position\":1,\"name\":\"Home\",\"item\":\"https:\/\/ccsupport.biz\/fr\/\"},{\"@type\":\"ListItem\",\"position\":2,\"name\":\"ACCEUIL\"}]}]}<\/script>\n<!-- \/ Yoast SEO plugin. -->","yoast_head_json":{"title":"ACCEUIL - CC Support","robots":{"index":"noindex","follow":"follow","max-snippet":"max-snippet:-1","max-image-preview":"max-image-preview:large","max-video-preview":"max-video-preview:-1"},"og_locale":"fr_FR","og_type":"article","og_title":"ACCEUIL - CC Support","og_description":"Prenez votre facture mobile Vous pouvez voir facilement les transactions ou d&#8217;annuler les abonnements qui sont factur\u00e9s \u00e0 votre facture de t\u00e9l\u00e9phone portable. Il vous suffit de vous connecter en utilisant votre num\u00e9ro de t\u00e9l\u00e9phone, aucune autre information ou inscription est n\u00e9cessaire. Une fois que vous vous connectez, vous pouvez voir toutes les transactions et [&hellip;]","og_url":"https:\/\/ccsupport.biz\/fr\/","og_site_name":"CC Support","article_modified_time":"2022-05-23T09:37:36+00:00","schema":{"@context":"https:\/\/schema.org","@graph":[{"@type":"WebSite","@id":"https:\/\/ccsupport.biz\/#website","url":"https:\/\/ccsupport.biz\/","name":"CC Support","description":"","potentialAction":[{"@type":"SearchAction","target":{"@type":"EntryPoint","urlTemplate":"https:\/\/ccsupport.biz\/?s={search_term_string}"},"query-input":"required name=search_term_string"}],"inLanguage":"fr-FR"},{"@type":"WebPage","@id":"https:\/\/ccsupport.biz\/fr\/#webpage","url":"https:\/\/ccsupport.biz\/fr\/","name":"ACCEUIL - CC Support","isPartOf":{"@id":"https:\/\/ccsupport.biz\/#website"},"datePublished":"2015-03-25T13:57:36+00:00","dateModified":"2022-05-23T09:37:36+00:00","breadcrumb":{"@id":"https:\/\/ccsupport.biz\/fr\/#breadcrumb"},"inLanguage":"fr-FR","potentialAction":[{"@type":"ReadAction","target":["https:\/\/ccsupport.biz\/fr\/"]}]},{"@type":"BreadcrumbList","@id":"https:\/\/ccsupport.biz\/fr\/#breadcrumb","itemListElement":[{"@type":"ListItem","position":1,"name":"Home","item":"https:\/\/ccsupport.biz\/fr\/"},{"@type":"ListItem","position":2,"name":"ACCEUIL"}]}]}},"_links":{"self":[{"href":"https:\/\/www.ccsupport.biz\/fr\/wp-json\/wp\/v2\/pages\/47361"}],"collection":[{"href":"https:\/\/www.ccsupport.biz\/fr\/wp-json\/wp\/v2\/pages"}],"about":[{"href":"https:\/\/www.ccsupport.biz\/fr\/wp-json\/wp\/v2\/types\/page"}],"author":[{"embeddable":true,"href":"https:\/\/www.ccsupport.biz\/fr\/wp-json\/wp\/v2\/users\/2"}],"replies":[{"embeddable":true,"href":"https:\/\/www.ccsupport.biz\/fr\/wp-json\/wp\/v2\/comments?post=47361"}],"version-history":[{"count":1,"href":"https:\/\/www.ccsupport.biz\/fr\/wp-json\/wp\/v2\/pages\/47361\/revisions"}],"predecessor-version":[{"id":566456,"href":"https:\/\/www.ccsupport.biz\/fr\/wp-json\/wp\/v2\/pages\/47361\/revisions\/566456"}],"wp:attachment":[{"href":"https:\/\/www.ccsupport.biz\/fr\/wp-json\/wp\/v2\/media?parent=47361"}],"curies":[{"name":"wp","href":"https:\/\/api.w.org\/{rel}","templated":true}]}}