{"id":566483,"date":"2022-05-23T13:05:12","date_gmt":"2022-05-23T11:05:12","guid":{"rendered":"https:\/\/ccsupport.biz\/?page_id=566483"},"modified":"2022-05-23T13:52:14","modified_gmt":"2022-05-23T11:52:14","slug":"contact","status":"publish","type":"page","link":"https:\/\/www.ccsupport.biz\/fr\/contact\/","title":{"rendered":"CONTACT"},"content":{"rendered":"<h3>Votre satisfaction est tr\u00e8s importante pour nous!<\/h3>\n<p>Voil\u00e0 pourquoi nous offrons un service simple et fiable qui fournit des informations pr\u00e9cises sur la facturation des t\u00e9l\u00e9phones mobiles. Vous trouverez des informations sur toutes les transactions et autres informations vitales. Toutefois, si vous sentez toujours que vous souhaitez nous contacter, s&#8217;il vous pla\u00eet faites-le en utilisant le formulaire de contact.<\/p>\n\n\n<p><\/p>\n","protected":false},"excerpt":{"rendered":"<p>Votre satisfaction est tr\u00e8s importante pour nous! Voil\u00e0 pourquoi nous offrons un service simple et fiable qui fournit des informations pr\u00e9cises sur la facturation des t\u00e9l\u00e9phones mobiles. Vous trouverez des informations sur toutes les transactions et autres informations vitales. Toutefois, si vous sentez toujours que vous souhaitez nous contacter, s&#8217;il vous pla\u00eet faites-le en utilisant [&hellip;]<\/p>\n","protected":false},"author":2,"featured_media":0,"parent":0,"menu_order":4,"comment_status":"open","ping_status":"closed","template":"template-contact.php","meta":[],"yoast_head":"<!-- This site is optimized with the Yoast SEO plugin v18.6 - https:\/\/yoast.com\/wordpress\/plugins\/seo\/ -->\n<title>CONTACT - CC Support<\/title>\n<meta name=\"robots\" content=\"noindex, follow, max-snippet:-1, max-image-preview:large, max-video-preview:-1\" \/>\n<meta property=\"og:locale\" content=\"fr_FR\" \/>\n<meta property=\"og:type\" content=\"article\" \/>\n<meta property=\"og:title\" content=\"CONTACT - CC Support\" \/>\n<meta property=\"og:description\" content=\"Votre satisfaction est tr\u00e8s importante pour nous! Voil\u00e0 pourquoi nous offrons un service simple et fiable qui fournit des informations pr\u00e9cises sur la facturation des t\u00e9l\u00e9phones mobiles. Vous trouverez des informations sur toutes les transactions et autres informations vitales. Toutefois, si vous sentez toujours que vous souhaitez nous contacter, s&#8217;il vous pla\u00eet faites-le en utilisant [&hellip;]\" \/>\n<meta property=\"og:url\" content=\"https:\/\/ccsupport.biz\/fr\/contact\/\" \/>\n<meta property=\"og:site_name\" content=\"CC Support\" \/>\n<meta property=\"article:modified_time\" content=\"2022-05-23T11:52:14+00:00\" \/>\n<meta name=\"twitter:label1\" content=\"Est. reading time\" \/>\n\t<meta name=\"twitter:data1\" content=\"1 minute\" \/>\n<script type=\"application\/ld+json\" class=\"yoast-schema-graph\">{\"@context\":\"https:\/\/schema.org\",\"@graph\":[{\"@type\":\"WebSite\",\"@id\":\"https:\/\/ccsupport.biz\/#website\",\"url\":\"https:\/\/ccsupport.biz\/\",\"name\":\"CC Support\",\"description\":\"\",\"potentialAction\":[{\"@type\":\"SearchAction\",\"target\":{\"@type\":\"EntryPoint\",\"urlTemplate\":\"https:\/\/ccsupport.biz\/?s={search_term_string}\"},\"query-input\":\"required name=search_term_string\"}],\"inLanguage\":\"fr-FR\"},{\"@type\":\"WebPage\",\"@id\":\"https:\/\/ccsupport.biz\/fr\/contact\/#webpage\",\"url\":\"https:\/\/ccsupport.biz\/fr\/contact\/\",\"name\":\"CONTACT - CC Support\",\"isPartOf\":{\"@id\":\"https:\/\/ccsupport.biz\/#website\"},\"datePublished\":\"2022-05-23T11:05:12+00:00\",\"dateModified\":\"2022-05-23T11:52:14+00:00\",\"breadcrumb\":{\"@id\":\"https:\/\/ccsupport.biz\/fr\/contact\/#breadcrumb\"},\"inLanguage\":\"fr-FR\",\"potentialAction\":[{\"@type\":\"ReadAction\",\"target\":[\"https:\/\/ccsupport.biz\/fr\/contact\/\"]}]},{\"@type\":\"BreadcrumbList\",\"@id\":\"https:\/\/ccsupport.biz\/fr\/contact\/#breadcrumb\",\"itemListElement\":[{\"@type\":\"ListItem\",\"position\":1,\"name\":\"Home\",\"item\":\"https:\/\/ccsupport.biz\/fr\/\"},{\"@type\":\"ListItem\",\"position\":2,\"name\":\"CONTACT\"}]}]}<\/script>\n<!-- \/ Yoast SEO plugin. -->","yoast_head_json":{"title":"CONTACT - CC Support","robots":{"index":"noindex","follow":"follow","max-snippet":"max-snippet:-1","max-image-preview":"max-image-preview:large","max-video-preview":"max-video-preview:-1"},"og_locale":"fr_FR","og_type":"article","og_title":"CONTACT - CC Support","og_description":"Votre satisfaction est tr\u00e8s importante pour nous! Voil\u00e0 pourquoi nous offrons un service simple et fiable qui fournit des informations pr\u00e9cises sur la facturation des t\u00e9l\u00e9phones mobiles. Vous trouverez des informations sur toutes les transactions et autres informations vitales. Toutefois, si vous sentez toujours que vous souhaitez nous contacter, s&#8217;il vous pla\u00eet faites-le en utilisant [&hellip;]","og_url":"https:\/\/ccsupport.biz\/fr\/contact\/","og_site_name":"CC Support","article_modified_time":"2022-05-23T11:52:14+00:00","twitter_misc":{"Est. reading time":"1 minute"},"schema":{"@context":"https:\/\/schema.org","@graph":[{"@type":"WebSite","@id":"https:\/\/ccsupport.biz\/#website","url":"https:\/\/ccsupport.biz\/","name":"CC Support","description":"","potentialAction":[{"@type":"SearchAction","target":{"@type":"EntryPoint","urlTemplate":"https:\/\/ccsupport.biz\/?s={search_term_string}"},"query-input":"required name=search_term_string"}],"inLanguage":"fr-FR"},{"@type":"WebPage","@id":"https:\/\/ccsupport.biz\/fr\/contact\/#webpage","url":"https:\/\/ccsupport.biz\/fr\/contact\/","name":"CONTACT - CC Support","isPartOf":{"@id":"https:\/\/ccsupport.biz\/#website"},"datePublished":"2022-05-23T11:05:12+00:00","dateModified":"2022-05-23T11:52:14+00:00","breadcrumb":{"@id":"https:\/\/ccsupport.biz\/fr\/contact\/#breadcrumb"},"inLanguage":"fr-FR","potentialAction":[{"@type":"ReadAction","target":["https:\/\/ccsupport.biz\/fr\/contact\/"]}]},{"@type":"BreadcrumbList","@id":"https:\/\/ccsupport.biz\/fr\/contact\/#breadcrumb","itemListElement":[{"@type":"ListItem","position":1,"name":"Home","item":"https:\/\/ccsupport.biz\/fr\/"},{"@type":"ListItem","position":2,"name":"CONTACT"}]}]}},"_links":{"self":[{"href":"https:\/\/www.ccsupport.biz\/fr\/wp-json\/wp\/v2\/pages\/566483"}],"collection":[{"href":"https:\/\/www.ccsupport.biz\/fr\/wp-json\/wp\/v2\/pages"}],"about":[{"href":"https:\/\/www.ccsupport.biz\/fr\/wp-json\/wp\/v2\/types\/page"}],"author":[{"embeddable":true,"href":"https:\/\/www.ccsupport.biz\/fr\/wp-json\/wp\/v2\/users\/2"}],"replies":[{"embeddable":true,"href":"https:\/\/www.ccsupport.biz\/fr\/wp-json\/wp\/v2\/comments?post=566483"}],"version-history":[{"count":15,"href":"https:\/\/www.ccsupport.biz\/fr\/wp-json\/wp\/v2\/pages\/566483\/revisions"}],"predecessor-version":[{"id":566549,"href":"https:\/\/www.ccsupport.biz\/fr\/wp-json\/wp\/v2\/pages\/566483\/revisions\/566549"}],"wp:attachment":[{"href":"https:\/\/www.ccsupport.biz\/fr\/wp-json\/wp\/v2\/media?parent=566483"}],"curies":[{"name":"wp","href":"https:\/\/api.w.org\/{rel}","templated":true}]}}