{"id":47749,"date":"2015-03-25T14:57:36","date_gmt":"2015-03-25T14:57:36","guid":{"rendered":"http:\/\/ccsupport.biz\/hr\/home\/"},"modified":"2015-12-11T15:35:21","modified_gmt":"2015-12-11T14:35:21","slug":"home","status":"publish","type":"page","link":"https:\/\/www.ccsupport.biz\/hr\/","title":{"rendered":"PO\u010cETNA STRANICA"},"content":{"rendered":"<h3>Preuzmite odgovornost za svoj mobilni ra\u010dun<\/h3>\n<p>S lako\u0107om pregledajte transakcije ili odjavite pretplate koje se vode preko ra\u010duna Va\u0161eg mobitela. Jednostavno prijavite se koriste\u0107i broj telefona, ni jedna druga informacija ili registracija nije potrebna. Kad ste jednom prijavljeni, mo\u017eete vidjeti sve transakcije i s lako\u0107om upravljati s pretplatama. <\/p>\n","protected":false},"excerpt":{"rendered":"<p>Preuzmite odgovornost za svoj mobilni ra\u010dun S lako\u0107om pregledajte transakcije ili odjavite pretplate koje se vode preko ra\u010duna Va\u0161eg mobitela. Jednostavno prijavite se koriste\u0107i broj telefona, ni jedna druga informacija ili registracija nije potrebna. Kad ste jednom prijavljeni, mo\u017eete vidjeti sve transakcije i s lako\u0107om upravljati s pretplatama.<\/p>\n","protected":false},"author":2,"featured_media":0,"parent":0,"menu_order":0,"comment_status":"open","ping_status":"closed","template":"template-homepage.php","meta":[],"yoast_head":"<!-- This site is optimized with the Yoast SEO plugin v18.6 - https:\/\/yoast.com\/wordpress\/plugins\/seo\/ -->\n<title>PO\u010cETNA STRANICA - CC Support<\/title>\n<meta name=\"robots\" content=\"noindex, follow, max-snippet:-1, max-image-preview:large, max-video-preview:-1\" \/>\n<meta property=\"og:locale\" content=\"hr_HR\" \/>\n<meta property=\"og:type\" content=\"article\" \/>\n<meta property=\"og:title\" content=\"PO\u010cETNA STRANICA - CC Support\" \/>\n<meta property=\"og:description\" content=\"Preuzmite odgovornost za svoj mobilni ra\u010dun S lako\u0107om pregledajte transakcije ili odjavite pretplate koje se vode preko ra\u010duna Va\u0161eg mobitela. Jednostavno prijavite se koriste\u0107i broj telefona, ni jedna druga informacija ili registracija nije potrebna. Kad ste jednom prijavljeni, mo\u017eete vidjeti sve transakcije i s lako\u0107om upravljati s pretplatama.\" \/>\n<meta property=\"og:url\" content=\"https:\/\/ccsupport.biz\/hr\/\" \/>\n<meta property=\"og:site_name\" content=\"CC Support\" \/>\n<meta property=\"article:modified_time\" content=\"2015-12-11T14:35:21+00:00\" \/>\n<script type=\"application\/ld+json\" class=\"yoast-schema-graph\">{\"@context\":\"https:\/\/schema.org\",\"@graph\":[{\"@type\":\"WebSite\",\"@id\":\"https:\/\/ccsupport.biz\/#website\",\"url\":\"https:\/\/ccsupport.biz\/\",\"name\":\"CC Support\",\"description\":\"\",\"potentialAction\":[{\"@type\":\"SearchAction\",\"target\":{\"@type\":\"EntryPoint\",\"urlTemplate\":\"https:\/\/ccsupport.biz\/?s={search_term_string}\"},\"query-input\":\"required name=search_term_string\"}],\"inLanguage\":\"hr\"},{\"@type\":\"WebPage\",\"@id\":\"https:\/\/ccsupport.biz\/hr\/#webpage\",\"url\":\"https:\/\/ccsupport.biz\/hr\/\",\"name\":\"PO\u010cETNA STRANICA - CC Support\",\"isPartOf\":{\"@id\":\"https:\/\/ccsupport.biz\/#website\"},\"datePublished\":\"2015-03-25T14:57:36+00:00\",\"dateModified\":\"2015-12-11T14:35:21+00:00\",\"breadcrumb\":{\"@id\":\"https:\/\/ccsupport.biz\/hr\/#breadcrumb\"},\"inLanguage\":\"hr\",\"potentialAction\":[{\"@type\":\"ReadAction\",\"target\":[\"https:\/\/ccsupport.biz\/hr\/\"]}]},{\"@type\":\"BreadcrumbList\",\"@id\":\"https:\/\/ccsupport.biz\/hr\/#breadcrumb\",\"itemListElement\":[{\"@type\":\"ListItem\",\"position\":1,\"name\":\"Home\",\"item\":\"https:\/\/ccsupport.biz\/hr\/\"},{\"@type\":\"ListItem\",\"position\":2,\"name\":\"PO\u010cETNA STRANICA\"}]}]}<\/script>\n<!-- \/ Yoast SEO plugin. -->","yoast_head_json":{"title":"PO\u010cETNA STRANICA - CC Support","robots":{"index":"noindex","follow":"follow","max-snippet":"max-snippet:-1","max-image-preview":"max-image-preview:large","max-video-preview":"max-video-preview:-1"},"og_locale":"hr_HR","og_type":"article","og_title":"PO\u010cETNA STRANICA - CC Support","og_description":"Preuzmite odgovornost za svoj mobilni ra\u010dun S lako\u0107om pregledajte transakcije ili odjavite pretplate koje se vode preko ra\u010duna Va\u0161eg mobitela. Jednostavno prijavite se koriste\u0107i broj telefona, ni jedna druga informacija ili registracija nije potrebna. Kad ste jednom prijavljeni, mo\u017eete vidjeti sve transakcije i s lako\u0107om upravljati s pretplatama.","og_url":"https:\/\/ccsupport.biz\/hr\/","og_site_name":"CC Support","article_modified_time":"2015-12-11T14:35:21+00:00","schema":{"@context":"https:\/\/schema.org","@graph":[{"@type":"WebSite","@id":"https:\/\/ccsupport.biz\/#website","url":"https:\/\/ccsupport.biz\/","name":"CC Support","description":"","potentialAction":[{"@type":"SearchAction","target":{"@type":"EntryPoint","urlTemplate":"https:\/\/ccsupport.biz\/?s={search_term_string}"},"query-input":"required name=search_term_string"}],"inLanguage":"hr"},{"@type":"WebPage","@id":"https:\/\/ccsupport.biz\/hr\/#webpage","url":"https:\/\/ccsupport.biz\/hr\/","name":"PO\u010cETNA STRANICA - CC Support","isPartOf":{"@id":"https:\/\/ccsupport.biz\/#website"},"datePublished":"2015-03-25T14:57:36+00:00","dateModified":"2015-12-11T14:35:21+00:00","breadcrumb":{"@id":"https:\/\/ccsupport.biz\/hr\/#breadcrumb"},"inLanguage":"hr","potentialAction":[{"@type":"ReadAction","target":["https:\/\/ccsupport.biz\/hr\/"]}]},{"@type":"BreadcrumbList","@id":"https:\/\/ccsupport.biz\/hr\/#breadcrumb","itemListElement":[{"@type":"ListItem","position":1,"name":"Home","item":"https:\/\/ccsupport.biz\/hr\/"},{"@type":"ListItem","position":2,"name":"PO\u010cETNA STRANICA"}]}]}},"_links":{"self":[{"href":"https:\/\/www.ccsupport.biz\/hr\/wp-json\/wp\/v2\/pages\/47749"}],"collection":[{"href":"https:\/\/www.ccsupport.biz\/hr\/wp-json\/wp\/v2\/pages"}],"about":[{"href":"https:\/\/www.ccsupport.biz\/hr\/wp-json\/wp\/v2\/types\/page"}],"author":[{"embeddable":true,"href":"https:\/\/www.ccsupport.biz\/hr\/wp-json\/wp\/v2\/users\/2"}],"replies":[{"embeddable":true,"href":"https:\/\/www.ccsupport.biz\/hr\/wp-json\/wp\/v2\/comments?post=47749"}],"version-history":[{"count":0,"href":"https:\/\/www.ccsupport.biz\/hr\/wp-json\/wp\/v2\/pages\/47749\/revisions"}],"wp:attachment":[{"href":"https:\/\/www.ccsupport.biz\/hr\/wp-json\/wp\/v2\/media?parent=47749"}],"curies":[{"name":"wp","href":"https:\/\/api.w.org\/{rel}","templated":true}]}}