{"id":50795,"date":"2015-03-25T14:57:36","date_gmt":"2015-03-25T14:57:36","guid":{"rendered":"http:\/\/ccsupport.biz\/hu\/home\/"},"modified":"2015-12-23T11:01:40","modified_gmt":"2015-12-23T10:01:40","slug":"home","status":"publish","type":"page","link":"https:\/\/www.ccsupport.biz\/hu\/","title":{"rendered":"F\u0150OLDAL"},"content":{"rendered":"<h3>Vedd kezedbe a mobil sz\u00e1ml\u00e1t<\/h3>\n<p>K\u00f6nnyen megtekintheti a mobil sz\u00e9ml\u00e1t terhel\u0151 tranzakci\u00f3kat, vagy leiratkozhat r\u00f3luk. Egyszer\u0171en l\u00e9pjen be a telefon sz\u00e1mmal, regisztr\u00e1ci\u00f3 nem sz\u00fcks\u00e9ges. Miut\u00e1n bel\u00e9pett, k\u00f6nnyen megn\u00e9zheti a tranzakci\u00f3kat, \u00e9s k\u00f6nnyen kezelheti.<\/p>\n","protected":false},"excerpt":{"rendered":"<p>Vedd kezedbe a mobil sz\u00e1ml\u00e1t K\u00f6nnyen megtekintheti a mobil sz\u00e9ml\u00e1t terhel\u0151 tranzakci\u00f3kat, vagy leiratkozhat r\u00f3luk. Egyszer\u0171en l\u00e9pjen be a telefon sz\u00e1mmal, regisztr\u00e1ci\u00f3 nem sz\u00fcks\u00e9ges. Miut\u00e1n bel\u00e9pett, k\u00f6nnyen megn\u00e9zheti a tranzakci\u00f3kat, \u00e9s k\u00f6nnyen kezelheti.<\/p>\n","protected":false},"author":2,"featured_media":0,"parent":0,"menu_order":0,"comment_status":"open","ping_status":"closed","template":"template-homepage.php","meta":[],"yoast_head":"<!-- This site is optimized with the Yoast SEO plugin v18.6 - https:\/\/yoast.com\/wordpress\/plugins\/seo\/ -->\n<title>F\u0150OLDAL - CC Support<\/title>\n<meta name=\"robots\" content=\"noindex, follow, max-snippet:-1, max-image-preview:large, max-video-preview:-1\" \/>\n<meta property=\"og:locale\" content=\"hu_HU\" \/>\n<meta property=\"og:type\" content=\"article\" \/>\n<meta property=\"og:title\" content=\"F\u0150OLDAL - CC Support\" \/>\n<meta property=\"og:description\" content=\"Vedd kezedbe a mobil sz\u00e1ml\u00e1t K\u00f6nnyen megtekintheti a mobil sz\u00e9ml\u00e1t terhel\u0151 tranzakci\u00f3kat, vagy leiratkozhat r\u00f3luk. Egyszer\u0171en l\u00e9pjen be a telefon sz\u00e1mmal, regisztr\u00e1ci\u00f3 nem sz\u00fcks\u00e9ges. Miut\u00e1n bel\u00e9pett, k\u00f6nnyen megn\u00e9zheti a tranzakci\u00f3kat, \u00e9s k\u00f6nnyen kezelheti.\" \/>\n<meta property=\"og:url\" content=\"https:\/\/ccsupport.biz\/hu\/\" \/>\n<meta property=\"og:site_name\" content=\"CC Support\" \/>\n<meta property=\"article:modified_time\" content=\"2015-12-23T10:01:40+00:00\" \/>\n<script type=\"application\/ld+json\" class=\"yoast-schema-graph\">{\"@context\":\"https:\/\/schema.org\",\"@graph\":[{\"@type\":\"WebSite\",\"@id\":\"https:\/\/ccsupport.biz\/#website\",\"url\":\"https:\/\/ccsupport.biz\/\",\"name\":\"CC Support\",\"description\":\"\",\"potentialAction\":[{\"@type\":\"SearchAction\",\"target\":{\"@type\":\"EntryPoint\",\"urlTemplate\":\"https:\/\/ccsupport.biz\/?s={search_term_string}\"},\"query-input\":\"required name=search_term_string\"}],\"inLanguage\":\"hu-HU\"},{\"@type\":\"WebPage\",\"@id\":\"https:\/\/ccsupport.biz\/hu\/#webpage\",\"url\":\"https:\/\/ccsupport.biz\/hu\/\",\"name\":\"F\u0150OLDAL - CC Support\",\"isPartOf\":{\"@id\":\"https:\/\/ccsupport.biz\/#website\"},\"datePublished\":\"2015-03-25T14:57:36+00:00\",\"dateModified\":\"2015-12-23T10:01:40+00:00\",\"breadcrumb\":{\"@id\":\"https:\/\/ccsupport.biz\/hu\/#breadcrumb\"},\"inLanguage\":\"hu-HU\",\"potentialAction\":[{\"@type\":\"ReadAction\",\"target\":[\"https:\/\/ccsupport.biz\/hu\/\"]}]},{\"@type\":\"BreadcrumbList\",\"@id\":\"https:\/\/ccsupport.biz\/hu\/#breadcrumb\",\"itemListElement\":[{\"@type\":\"ListItem\",\"position\":1,\"name\":\"Home\",\"item\":\"https:\/\/ccsupport.biz\/hu\/\"},{\"@type\":\"ListItem\",\"position\":2,\"name\":\"F\u0150OLDAL\"}]}]}<\/script>\n<!-- \/ Yoast SEO plugin. -->","yoast_head_json":{"title":"F\u0150OLDAL - CC Support","robots":{"index":"noindex","follow":"follow","max-snippet":"max-snippet:-1","max-image-preview":"max-image-preview:large","max-video-preview":"max-video-preview:-1"},"og_locale":"hu_HU","og_type":"article","og_title":"F\u0150OLDAL - CC Support","og_description":"Vedd kezedbe a mobil sz\u00e1ml\u00e1t K\u00f6nnyen megtekintheti a mobil sz\u00e9ml\u00e1t terhel\u0151 tranzakci\u00f3kat, vagy leiratkozhat r\u00f3luk. Egyszer\u0171en l\u00e9pjen be a telefon sz\u00e1mmal, regisztr\u00e1ci\u00f3 nem sz\u00fcks\u00e9ges. Miut\u00e1n bel\u00e9pett, k\u00f6nnyen megn\u00e9zheti a tranzakci\u00f3kat, \u00e9s k\u00f6nnyen kezelheti.","og_url":"https:\/\/ccsupport.biz\/hu\/","og_site_name":"CC Support","article_modified_time":"2015-12-23T10:01:40+00:00","schema":{"@context":"https:\/\/schema.org","@graph":[{"@type":"WebSite","@id":"https:\/\/ccsupport.biz\/#website","url":"https:\/\/ccsupport.biz\/","name":"CC Support","description":"","potentialAction":[{"@type":"SearchAction","target":{"@type":"EntryPoint","urlTemplate":"https:\/\/ccsupport.biz\/?s={search_term_string}"},"query-input":"required name=search_term_string"}],"inLanguage":"hu-HU"},{"@type":"WebPage","@id":"https:\/\/ccsupport.biz\/hu\/#webpage","url":"https:\/\/ccsupport.biz\/hu\/","name":"F\u0150OLDAL - CC Support","isPartOf":{"@id":"https:\/\/ccsupport.biz\/#website"},"datePublished":"2015-03-25T14:57:36+00:00","dateModified":"2015-12-23T10:01:40+00:00","breadcrumb":{"@id":"https:\/\/ccsupport.biz\/hu\/#breadcrumb"},"inLanguage":"hu-HU","potentialAction":[{"@type":"ReadAction","target":["https:\/\/ccsupport.biz\/hu\/"]}]},{"@type":"BreadcrumbList","@id":"https:\/\/ccsupport.biz\/hu\/#breadcrumb","itemListElement":[{"@type":"ListItem","position":1,"name":"Home","item":"https:\/\/ccsupport.biz\/hu\/"},{"@type":"ListItem","position":2,"name":"F\u0150OLDAL"}]}]}},"_links":{"self":[{"href":"https:\/\/www.ccsupport.biz\/hu\/wp-json\/wp\/v2\/pages\/50795"}],"collection":[{"href":"https:\/\/www.ccsupport.biz\/hu\/wp-json\/wp\/v2\/pages"}],"about":[{"href":"https:\/\/www.ccsupport.biz\/hu\/wp-json\/wp\/v2\/types\/page"}],"author":[{"embeddable":true,"href":"https:\/\/www.ccsupport.biz\/hu\/wp-json\/wp\/v2\/users\/2"}],"replies":[{"embeddable":true,"href":"https:\/\/www.ccsupport.biz\/hu\/wp-json\/wp\/v2\/comments?post=50795"}],"version-history":[{"count":0,"href":"https:\/\/www.ccsupport.biz\/hu\/wp-json\/wp\/v2\/pages\/50795\/revisions"}],"wp:attachment":[{"href":"https:\/\/www.ccsupport.biz\/hu\/wp-json\/wp\/v2\/media?parent=50795"}],"curies":[{"name":"wp","href":"https:\/\/api.w.org\/{rel}","templated":true}]}}