{"id":49475,"date":"2015-03-25T14:57:36","date_gmt":"2015-03-25T14:57:36","guid":{"rendered":"http:\/\/ccsupport.biz\/it\/home\/"},"modified":"2015-12-14T13:30:18","modified_gmt":"2015-12-14T12:30:18","slug":"home","status":"publish","type":"page","link":"https:\/\/www.ccsupport.biz\/it\/","title":{"rendered":"PAGINA PRINCIPALE"},"content":{"rendered":"<h3>Farsi carico della bolletta cellulare<\/h3>\n<p>Facilmente visualizzare le transazioni o annullare gli abbonamenti che sono a carico della bolletta del telefono cellulare.<br \/>\nSemplicemente accedi utilizzando il tuo numero di telefono, non \u00e8 richiesta alcuna altra informazione o registrazione. Una volta effettuato il login, \u00e8 possibile vedere tutte le transazioni e gestire le sottoscrizioni con facilit\u00e0.<\/p>\n","protected":false},"excerpt":{"rendered":"<p>Farsi carico della bolletta cellulare Facilmente visualizzare le transazioni o annullare gli abbonamenti che sono a carico della bolletta del telefono cellulare. Semplicemente accedi utilizzando il tuo numero di telefono, non \u00e8 richiesta alcuna altra informazione o registrazione. Una volta effettuato il login, \u00e8 possibile vedere tutte le transazioni e gestire le sottoscrizioni con facilit\u00e0.<\/p>\n","protected":false},"author":2,"featured_media":0,"parent":0,"menu_order":0,"comment_status":"open","ping_status":"closed","template":"template-homepage.php","meta":[],"yoast_head":"<!-- This site is optimized with the Yoast SEO plugin v18.6 - https:\/\/yoast.com\/wordpress\/plugins\/seo\/ -->\n<title>PAGINA PRINCIPALE - CC Support<\/title>\n<meta name=\"robots\" content=\"noindex, follow, max-snippet:-1, max-image-preview:large, max-video-preview:-1\" \/>\n<meta property=\"og:locale\" content=\"it_IT\" \/>\n<meta property=\"og:type\" content=\"article\" \/>\n<meta property=\"og:title\" content=\"PAGINA PRINCIPALE - CC Support\" \/>\n<meta property=\"og:description\" content=\"Farsi carico della bolletta cellulare Facilmente visualizzare le transazioni o annullare gli abbonamenti che sono a carico della bolletta del telefono cellulare. Semplicemente accedi utilizzando il tuo numero di telefono, non \u00e8 richiesta alcuna altra informazione o registrazione. Una volta effettuato il login, \u00e8 possibile vedere tutte le transazioni e gestire le sottoscrizioni con facilit\u00e0.\" \/>\n<meta property=\"og:url\" content=\"https:\/\/ccsupport.biz\/it\/\" \/>\n<meta property=\"og:site_name\" content=\"CC Support\" \/>\n<meta property=\"article:modified_time\" content=\"2015-12-14T12:30:18+00:00\" \/>\n<script type=\"application\/ld+json\" class=\"yoast-schema-graph\">{\"@context\":\"https:\/\/schema.org\",\"@graph\":[{\"@type\":\"WebSite\",\"@id\":\"https:\/\/ccsupport.biz\/#website\",\"url\":\"https:\/\/ccsupport.biz\/\",\"name\":\"CC Support\",\"description\":\"\",\"potentialAction\":[{\"@type\":\"SearchAction\",\"target\":{\"@type\":\"EntryPoint\",\"urlTemplate\":\"https:\/\/ccsupport.biz\/?s={search_term_string}\"},\"query-input\":\"required name=search_term_string\"}],\"inLanguage\":\"it-IT\"},{\"@type\":\"WebPage\",\"@id\":\"https:\/\/ccsupport.biz\/it\/#webpage\",\"url\":\"https:\/\/ccsupport.biz\/it\/\",\"name\":\"PAGINA PRINCIPALE - CC Support\",\"isPartOf\":{\"@id\":\"https:\/\/ccsupport.biz\/#website\"},\"datePublished\":\"2015-03-25T14:57:36+00:00\",\"dateModified\":\"2015-12-14T12:30:18+00:00\",\"breadcrumb\":{\"@id\":\"https:\/\/ccsupport.biz\/it\/#breadcrumb\"},\"inLanguage\":\"it-IT\",\"potentialAction\":[{\"@type\":\"ReadAction\",\"target\":[\"https:\/\/ccsupport.biz\/it\/\"]}]},{\"@type\":\"BreadcrumbList\",\"@id\":\"https:\/\/ccsupport.biz\/it\/#breadcrumb\",\"itemListElement\":[{\"@type\":\"ListItem\",\"position\":1,\"name\":\"Home\",\"item\":\"https:\/\/ccsupport.biz\/it\/\"},{\"@type\":\"ListItem\",\"position\":2,\"name\":\"PAGINA PRINCIPALE\"}]}]}<\/script>\n<!-- \/ Yoast SEO plugin. -->","yoast_head_json":{"title":"PAGINA PRINCIPALE - CC Support","robots":{"index":"noindex","follow":"follow","max-snippet":"max-snippet:-1","max-image-preview":"max-image-preview:large","max-video-preview":"max-video-preview:-1"},"og_locale":"it_IT","og_type":"article","og_title":"PAGINA PRINCIPALE - CC Support","og_description":"Farsi carico della bolletta cellulare Facilmente visualizzare le transazioni o annullare gli abbonamenti che sono a carico della bolletta del telefono cellulare. Semplicemente accedi utilizzando il tuo numero di telefono, non \u00e8 richiesta alcuna altra informazione o registrazione. Una volta effettuato il login, \u00e8 possibile vedere tutte le transazioni e gestire le sottoscrizioni con facilit\u00e0.","og_url":"https:\/\/ccsupport.biz\/it\/","og_site_name":"CC Support","article_modified_time":"2015-12-14T12:30:18+00:00","schema":{"@context":"https:\/\/schema.org","@graph":[{"@type":"WebSite","@id":"https:\/\/ccsupport.biz\/#website","url":"https:\/\/ccsupport.biz\/","name":"CC Support","description":"","potentialAction":[{"@type":"SearchAction","target":{"@type":"EntryPoint","urlTemplate":"https:\/\/ccsupport.biz\/?s={search_term_string}"},"query-input":"required name=search_term_string"}],"inLanguage":"it-IT"},{"@type":"WebPage","@id":"https:\/\/ccsupport.biz\/it\/#webpage","url":"https:\/\/ccsupport.biz\/it\/","name":"PAGINA PRINCIPALE - CC Support","isPartOf":{"@id":"https:\/\/ccsupport.biz\/#website"},"datePublished":"2015-03-25T14:57:36+00:00","dateModified":"2015-12-14T12:30:18+00:00","breadcrumb":{"@id":"https:\/\/ccsupport.biz\/it\/#breadcrumb"},"inLanguage":"it-IT","potentialAction":[{"@type":"ReadAction","target":["https:\/\/ccsupport.biz\/it\/"]}]},{"@type":"BreadcrumbList","@id":"https:\/\/ccsupport.biz\/it\/#breadcrumb","itemListElement":[{"@type":"ListItem","position":1,"name":"Home","item":"https:\/\/ccsupport.biz\/it\/"},{"@type":"ListItem","position":2,"name":"PAGINA PRINCIPALE"}]}]}},"_links":{"self":[{"href":"https:\/\/www.ccsupport.biz\/it\/wp-json\/wp\/v2\/pages\/49475"}],"collection":[{"href":"https:\/\/www.ccsupport.biz\/it\/wp-json\/wp\/v2\/pages"}],"about":[{"href":"https:\/\/www.ccsupport.biz\/it\/wp-json\/wp\/v2\/types\/page"}],"author":[{"embeddable":true,"href":"https:\/\/www.ccsupport.biz\/it\/wp-json\/wp\/v2\/users\/2"}],"replies":[{"embeddable":true,"href":"https:\/\/www.ccsupport.biz\/it\/wp-json\/wp\/v2\/comments?post=49475"}],"version-history":[{"count":2,"href":"https:\/\/www.ccsupport.biz\/it\/wp-json\/wp\/v2\/pages\/49475\/revisions"}],"predecessor-version":[{"id":49481,"href":"https:\/\/www.ccsupport.biz\/it\/wp-json\/wp\/v2\/pages\/49475\/revisions\/49481"}],"wp:attachment":[{"href":"https:\/\/www.ccsupport.biz\/it\/wp-json\/wp\/v2\/media?parent=49475"}],"curies":[{"name":"wp","href":"https:\/\/api.w.org\/{rel}","templated":true}]}}