{"id":47753,"date":"2015-03-25T14:57:36","date_gmt":"2015-03-25T14:57:36","guid":{"rendered":"http:\/\/ccsupport.biz\/me\/home\/"},"modified":"2015-12-11T15:39:04","modified_gmt":"2015-12-11T14:39:04","slug":"home","status":"publish","type":"page","link":"https:\/\/www.ccsupport.biz\/me\/","title":{"rendered":"PO\u010cETNA STRANICA"},"content":{"rendered":"<h3>Preuzmite kontrolu nad Va\u0161im ra\u010dunom za mobilni<\/h3>\n<p>Lako pregledajte transakcije ili otka\u017eite pretplate koje su obra\u010dunate na Va\u0161eg ra\u010dunu za mobilni telefon. Jednostavno se prijavite koriste\u0107i svoj broj telefona, registracija nije potrebna niti bilo koje druge informacije. Kada se prijavite, mo\u017eete videti sve transakcije i lako upravljati pretplatama.<\/p>\n","protected":false},"excerpt":{"rendered":"<p>Preuzmite kontrolu nad Va\u0161im ra\u010dunom za mobilni Lako pregledajte transakcije ili otka\u017eite pretplate koje su obra\u010dunate na Va\u0161eg ra\u010dunu za mobilni telefon. Jednostavno se prijavite koriste\u0107i svoj broj telefona, registracija nije potrebna niti bilo koje druge informacije. Kada se prijavite, mo\u017eete videti sve transakcije i lako upravljati pretplatama.<\/p>\n","protected":false},"author":2,"featured_media":0,"parent":0,"menu_order":0,"comment_status":"open","ping_status":"closed","template":"template-homepage.php","meta":[],"yoast_head":"<!-- This site is optimized with the Yoast SEO plugin v18.6 - https:\/\/yoast.com\/wordpress\/plugins\/seo\/ -->\n<title>PO\u010cETNA STRANICA - CC Support<\/title>\n<meta name=\"robots\" content=\"noindex, follow, max-snippet:-1, max-image-preview:large, max-video-preview:-1\" \/>\n<meta property=\"og:locale\" content=\"en_US\" \/>\n<meta property=\"og:type\" content=\"article\" \/>\n<meta property=\"og:title\" content=\"PO\u010cETNA STRANICA - CC Support\" \/>\n<meta property=\"og:description\" content=\"Preuzmite kontrolu nad Va\u0161im ra\u010dunom za mobilni Lako pregledajte transakcije ili otka\u017eite pretplate koje su obra\u010dunate na Va\u0161eg ra\u010dunu za mobilni telefon. Jednostavno se prijavite koriste\u0107i svoj broj telefona, registracija nije potrebna niti bilo koje druge informacije. Kada se prijavite, mo\u017eete videti sve transakcije i lako upravljati pretplatama.\" \/>\n<meta property=\"og:url\" content=\"https:\/\/ccsupport.biz\/me\/\" \/>\n<meta property=\"og:site_name\" content=\"CC Support\" \/>\n<meta property=\"article:modified_time\" content=\"2015-12-11T14:39:04+00:00\" \/>\n<script type=\"application\/ld+json\" class=\"yoast-schema-graph\">{\"@context\":\"https:\/\/schema.org\",\"@graph\":[{\"@type\":\"WebSite\",\"@id\":\"https:\/\/ccsupport.biz\/#website\",\"url\":\"https:\/\/ccsupport.biz\/\",\"name\":\"CC Support\",\"description\":\"\",\"potentialAction\":[{\"@type\":\"SearchAction\",\"target\":{\"@type\":\"EntryPoint\",\"urlTemplate\":\"https:\/\/ccsupport.biz\/?s={search_term_string}\"},\"query-input\":\"required name=search_term_string\"}],\"inLanguage\":\"me-ME\"},{\"@type\":\"WebPage\",\"@id\":\"https:\/\/ccsupport.biz\/me\/#webpage\",\"url\":\"https:\/\/ccsupport.biz\/me\/\",\"name\":\"PO\u010cETNA STRANICA - CC Support\",\"isPartOf\":{\"@id\":\"https:\/\/ccsupport.biz\/#website\"},\"datePublished\":\"2015-03-25T14:57:36+00:00\",\"dateModified\":\"2015-12-11T14:39:04+00:00\",\"breadcrumb\":{\"@id\":\"https:\/\/ccsupport.biz\/me\/#breadcrumb\"},\"inLanguage\":\"me-ME\",\"potentialAction\":[{\"@type\":\"ReadAction\",\"target\":[\"https:\/\/ccsupport.biz\/me\/\"]}]},{\"@type\":\"BreadcrumbList\",\"@id\":\"https:\/\/ccsupport.biz\/me\/#breadcrumb\",\"itemListElement\":[{\"@type\":\"ListItem\",\"position\":1,\"name\":\"Home\",\"item\":\"https:\/\/ccsupport.biz\/me\/\"},{\"@type\":\"ListItem\",\"position\":2,\"name\":\"PO\u010cETNA STRANICA\"}]}]}<\/script>\n<!-- \/ Yoast SEO plugin. -->","yoast_head_json":{"title":"PO\u010cETNA STRANICA - CC Support","robots":{"index":"noindex","follow":"follow","max-snippet":"max-snippet:-1","max-image-preview":"max-image-preview:large","max-video-preview":"max-video-preview:-1"},"og_locale":"en_US","og_type":"article","og_title":"PO\u010cETNA STRANICA - CC Support","og_description":"Preuzmite kontrolu nad Va\u0161im ra\u010dunom za mobilni Lako pregledajte transakcije ili otka\u017eite pretplate koje su obra\u010dunate na Va\u0161eg ra\u010dunu za mobilni telefon. Jednostavno se prijavite koriste\u0107i svoj broj telefona, registracija nije potrebna niti bilo koje druge informacije. Kada se prijavite, mo\u017eete videti sve transakcije i lako upravljati pretplatama.","og_url":"https:\/\/ccsupport.biz\/me\/","og_site_name":"CC Support","article_modified_time":"2015-12-11T14:39:04+00:00","schema":{"@context":"https:\/\/schema.org","@graph":[{"@type":"WebSite","@id":"https:\/\/ccsupport.biz\/#website","url":"https:\/\/ccsupport.biz\/","name":"CC Support","description":"","potentialAction":[{"@type":"SearchAction","target":{"@type":"EntryPoint","urlTemplate":"https:\/\/ccsupport.biz\/?s={search_term_string}"},"query-input":"required name=search_term_string"}],"inLanguage":"me-ME"},{"@type":"WebPage","@id":"https:\/\/ccsupport.biz\/me\/#webpage","url":"https:\/\/ccsupport.biz\/me\/","name":"PO\u010cETNA STRANICA - CC Support","isPartOf":{"@id":"https:\/\/ccsupport.biz\/#website"},"datePublished":"2015-03-25T14:57:36+00:00","dateModified":"2015-12-11T14:39:04+00:00","breadcrumb":{"@id":"https:\/\/ccsupport.biz\/me\/#breadcrumb"},"inLanguage":"me-ME","potentialAction":[{"@type":"ReadAction","target":["https:\/\/ccsupport.biz\/me\/"]}]},{"@type":"BreadcrumbList","@id":"https:\/\/ccsupport.biz\/me\/#breadcrumb","itemListElement":[{"@type":"ListItem","position":1,"name":"Home","item":"https:\/\/ccsupport.biz\/me\/"},{"@type":"ListItem","position":2,"name":"PO\u010cETNA STRANICA"}]}]}},"_links":{"self":[{"href":"https:\/\/www.ccsupport.biz\/me\/wp-json\/wp\/v2\/pages\/47753"}],"collection":[{"href":"https:\/\/www.ccsupport.biz\/me\/wp-json\/wp\/v2\/pages"}],"about":[{"href":"https:\/\/www.ccsupport.biz\/me\/wp-json\/wp\/v2\/types\/page"}],"author":[{"embeddable":true,"href":"https:\/\/www.ccsupport.biz\/me\/wp-json\/wp\/v2\/users\/2"}],"replies":[{"embeddable":true,"href":"https:\/\/www.ccsupport.biz\/me\/wp-json\/wp\/v2\/comments?post=47753"}],"version-history":[{"count":0,"href":"https:\/\/www.ccsupport.biz\/me\/wp-json\/wp\/v2\/pages\/47753\/revisions"}],"wp:attachment":[{"href":"https:\/\/www.ccsupport.biz\/me\/wp-json\/wp\/v2\/media?parent=47753"}],"curies":[{"name":"wp","href":"https:\/\/api.w.org\/{rel}","templated":true}]}}