{"id":48267,"date":"2015-03-25T14:58:26","date_gmt":"2015-03-25T14:58:26","guid":{"rendered":"http:\/\/ccsupport.biz\/nb\/contact\/"},"modified":"2015-12-14T16:03:13","modified_gmt":"2015-12-14T15:03:13","slug":"contact","status":"publish","type":"page","link":"https:\/\/www.ccsupport.biz\/nb\/contact\/","title":{"rendered":"KONTAKT"},"content":{"rendered":"<h3>Din forn\u00f8yelse er veldig viktig for oss!<\/h3>\n<p>Derfor tilbyr vi en p\u00e5litelig og enkel service som kan gi n\u00f8yaktige informasjoner om mobiltelefon fakturering. Du f\u00e5r finne informasjon om alle transaksjoner og andre viktige informasjoner. Dersom du likevel har lyst til \u00e5 kontakte oss, kan du gj\u00f8re det ved bruk av kontaktskjema.<\/p>\n","protected":false},"excerpt":{"rendered":"<p>Din forn\u00f8yelse er veldig viktig for oss! Derfor tilbyr vi en p\u00e5litelig og enkel service som kan gi n\u00f8yaktige informasjoner om mobiltelefon fakturering. Du f\u00e5r finne informasjon om alle transaksjoner og andre viktige informasjoner. Dersom du likevel har lyst til \u00e5 kontakte oss, kan du gj\u00f8re det ved bruk av kontaktskjema.<\/p>\n","protected":false},"author":2,"featured_media":0,"parent":0,"menu_order":4,"comment_status":"open","ping_status":"closed","template":"template-contact.php","meta":[],"yoast_head":"<!-- This site is optimized with the Yoast SEO plugin v18.6 - https:\/\/yoast.com\/wordpress\/plugins\/seo\/ -->\n<title>KONTAKT - CC Support<\/title>\n<meta name=\"robots\" content=\"noindex, follow, max-snippet:-1, max-image-preview:large, max-video-preview:-1\" \/>\n<meta property=\"og:locale\" content=\"nb_NO\" \/>\n<meta property=\"og:type\" content=\"article\" \/>\n<meta property=\"og:title\" content=\"KONTAKT - CC Support\" \/>\n<meta property=\"og:description\" content=\"Din forn\u00f8yelse er veldig viktig for oss! Derfor tilbyr vi en p\u00e5litelig og enkel service som kan gi n\u00f8yaktige informasjoner om mobiltelefon fakturering. Du f\u00e5r finne informasjon om alle transaksjoner og andre viktige informasjoner. Dersom du likevel har lyst til \u00e5 kontakte oss, kan du gj\u00f8re det ved bruk av kontaktskjema.\" \/>\n<meta property=\"og:url\" content=\"https:\/\/ccsupport.biz\/nb\/contact\/\" \/>\n<meta property=\"og:site_name\" content=\"CC Support\" \/>\n<meta property=\"article:modified_time\" content=\"2015-12-14T15:03:13+00:00\" \/>\n<script type=\"application\/ld+json\" class=\"yoast-schema-graph\">{\"@context\":\"https:\/\/schema.org\",\"@graph\":[{\"@type\":\"WebSite\",\"@id\":\"https:\/\/ccsupport.biz\/#website\",\"url\":\"https:\/\/ccsupport.biz\/\",\"name\":\"CC Support\",\"description\":\"\",\"potentialAction\":[{\"@type\":\"SearchAction\",\"target\":{\"@type\":\"EntryPoint\",\"urlTemplate\":\"https:\/\/ccsupport.biz\/?s={search_term_string}\"},\"query-input\":\"required name=search_term_string\"}],\"inLanguage\":\"nb-NO\"},{\"@type\":\"WebPage\",\"@id\":\"https:\/\/ccsupport.biz\/nb\/contact\/#webpage\",\"url\":\"https:\/\/ccsupport.biz\/nb\/contact\/\",\"name\":\"KONTAKT - CC Support\",\"isPartOf\":{\"@id\":\"https:\/\/ccsupport.biz\/#website\"},\"datePublished\":\"2015-03-25T14:58:26+00:00\",\"dateModified\":\"2015-12-14T15:03:13+00:00\",\"breadcrumb\":{\"@id\":\"https:\/\/ccsupport.biz\/nb\/contact\/#breadcrumb\"},\"inLanguage\":\"nb-NO\",\"potentialAction\":[{\"@type\":\"ReadAction\",\"target\":[\"https:\/\/ccsupport.biz\/nb\/contact\/\"]}]},{\"@type\":\"BreadcrumbList\",\"@id\":\"https:\/\/ccsupport.biz\/nb\/contact\/#breadcrumb\",\"itemListElement\":[{\"@type\":\"ListItem\",\"position\":1,\"name\":\"Home\",\"item\":\"https:\/\/ccsupport.biz\/nb\/\"},{\"@type\":\"ListItem\",\"position\":2,\"name\":\"KONTAKT\"}]}]}<\/script>\n<!-- \/ Yoast SEO plugin. -->","yoast_head_json":{"title":"KONTAKT - CC Support","robots":{"index":"noindex","follow":"follow","max-snippet":"max-snippet:-1","max-image-preview":"max-image-preview:large","max-video-preview":"max-video-preview:-1"},"og_locale":"nb_NO","og_type":"article","og_title":"KONTAKT - CC Support","og_description":"Din forn\u00f8yelse er veldig viktig for oss! Derfor tilbyr vi en p\u00e5litelig og enkel service som kan gi n\u00f8yaktige informasjoner om mobiltelefon fakturering. Du f\u00e5r finne informasjon om alle transaksjoner og andre viktige informasjoner. Dersom du likevel har lyst til \u00e5 kontakte oss, kan du gj\u00f8re det ved bruk av kontaktskjema.","og_url":"https:\/\/ccsupport.biz\/nb\/contact\/","og_site_name":"CC Support","article_modified_time":"2015-12-14T15:03:13+00:00","schema":{"@context":"https:\/\/schema.org","@graph":[{"@type":"WebSite","@id":"https:\/\/ccsupport.biz\/#website","url":"https:\/\/ccsupport.biz\/","name":"CC Support","description":"","potentialAction":[{"@type":"SearchAction","target":{"@type":"EntryPoint","urlTemplate":"https:\/\/ccsupport.biz\/?s={search_term_string}"},"query-input":"required name=search_term_string"}],"inLanguage":"nb-NO"},{"@type":"WebPage","@id":"https:\/\/ccsupport.biz\/nb\/contact\/#webpage","url":"https:\/\/ccsupport.biz\/nb\/contact\/","name":"KONTAKT - CC Support","isPartOf":{"@id":"https:\/\/ccsupport.biz\/#website"},"datePublished":"2015-03-25T14:58:26+00:00","dateModified":"2015-12-14T15:03:13+00:00","breadcrumb":{"@id":"https:\/\/ccsupport.biz\/nb\/contact\/#breadcrumb"},"inLanguage":"nb-NO","potentialAction":[{"@type":"ReadAction","target":["https:\/\/ccsupport.biz\/nb\/contact\/"]}]},{"@type":"BreadcrumbList","@id":"https:\/\/ccsupport.biz\/nb\/contact\/#breadcrumb","itemListElement":[{"@type":"ListItem","position":1,"name":"Home","item":"https:\/\/ccsupport.biz\/nb\/"},{"@type":"ListItem","position":2,"name":"KONTAKT"}]}]}},"_links":{"self":[{"href":"https:\/\/www.ccsupport.biz\/nb\/wp-json\/wp\/v2\/pages\/48267"}],"collection":[{"href":"https:\/\/www.ccsupport.biz\/nb\/wp-json\/wp\/v2\/pages"}],"about":[{"href":"https:\/\/www.ccsupport.biz\/nb\/wp-json\/wp\/v2\/types\/page"}],"author":[{"embeddable":true,"href":"https:\/\/www.ccsupport.biz\/nb\/wp-json\/wp\/v2\/users\/2"}],"replies":[{"embeddable":true,"href":"https:\/\/www.ccsupport.biz\/nb\/wp-json\/wp\/v2\/comments?post=48267"}],"version-history":[{"count":0,"href":"https:\/\/www.ccsupport.biz\/nb\/wp-json\/wp\/v2\/pages\/48267\/revisions"}],"wp:attachment":[{"href":"https:\/\/www.ccsupport.biz\/nb\/wp-json\/wp\/v2\/media?parent=48267"}],"curies":[{"name":"wp","href":"https:\/\/api.w.org\/{rel}","templated":true}]}}