{"id":50797,"date":"2015-03-25T14:57:36","date_gmt":"2015-03-25T14:57:36","guid":{"rendered":"http:\/\/ccsupport.biz\/sr\/home\/"},"modified":"2015-12-23T11:00:58","modified_gmt":"2015-12-23T10:00:58","slug":"home","status":"publish","type":"page","link":"https:\/\/www.ccsupport.biz\/sr\/","title":{"rendered":"NASLOVNA"},"content":{"rendered":"<h3>Preuzmite kontrolu nad va\u0161im ra\u010dunom za mobilni telefon<\/h3>\n<p>Jednostavno pogledajte transakciju ili otka\u017eite pretplate koje terete va\u0161 ra\u010dun mobilnog telefona. Jednostavno se ulogujte koristec\u0301i svoj broj telefona, druge informacije ili registracija nisu potrebni. Kada se ulogujete, mo\u017eete videti sve transakcije i da upravljate pretplatama sa lakoc\u0301om.<\/p>\n","protected":false},"excerpt":{"rendered":"<p>Preuzmite kontrolu nad va\u0161im ra\u010dunom za mobilni telefon Jednostavno pogledajte transakciju ili otka\u017eite pretplate koje terete va\u0161 ra\u010dun mobilnog telefona. Jednostavno se ulogujte koristec\u0301i svoj broj telefona, druge informacije ili registracija nisu potrebni. Kada se ulogujete, mo\u017eete videti sve transakcije i da upravljate pretplatama sa lakoc\u0301om.<\/p>\n","protected":false},"author":2,"featured_media":0,"parent":0,"menu_order":0,"comment_status":"open","ping_status":"closed","template":"template-homepage.php","meta":[],"yoast_head":"<!-- This site is optimized with the Yoast SEO plugin v18.6 - https:\/\/yoast.com\/wordpress\/plugins\/seo\/ -->\n<title>NASLOVNA - CC Support<\/title>\n<meta name=\"robots\" content=\"noindex, follow, max-snippet:-1, max-image-preview:large, max-video-preview:-1\" \/>\n<meta property=\"og:locale\" content=\"sr_RS\" \/>\n<meta property=\"og:type\" content=\"article\" \/>\n<meta property=\"og:title\" content=\"NASLOVNA - CC Support\" \/>\n<meta property=\"og:description\" content=\"Preuzmite kontrolu nad va\u0161im ra\u010dunom za mobilni telefon Jednostavno pogledajte transakciju ili otka\u017eite pretplate koje terete va\u0161 ra\u010dun mobilnog telefona. Jednostavno se ulogujte koristec\u0301i svoj broj telefona, druge informacije ili registracija nisu potrebni. Kada se ulogujete, mo\u017eete videti sve transakcije i da upravljate pretplatama sa lakoc\u0301om.\" \/>\n<meta property=\"og:url\" content=\"https:\/\/ccsupport.biz\/sr\/\" \/>\n<meta property=\"og:site_name\" content=\"CC Support\" \/>\n<meta property=\"article:modified_time\" content=\"2015-12-23T10:00:58+00:00\" \/>\n<script type=\"application\/ld+json\" class=\"yoast-schema-graph\">{\"@context\":\"https:\/\/schema.org\",\"@graph\":[{\"@type\":\"WebSite\",\"@id\":\"https:\/\/ccsupport.biz\/#website\",\"url\":\"https:\/\/ccsupport.biz\/\",\"name\":\"CC Support\",\"description\":\"\",\"potentialAction\":[{\"@type\":\"SearchAction\",\"target\":{\"@type\":\"EntryPoint\",\"urlTemplate\":\"https:\/\/ccsupport.biz\/?s={search_term_string}\"},\"query-input\":\"required name=search_term_string\"}],\"inLanguage\":\"sr-RS\"},{\"@type\":\"WebPage\",\"@id\":\"https:\/\/ccsupport.biz\/sr\/#webpage\",\"url\":\"https:\/\/ccsupport.biz\/sr\/\",\"name\":\"NASLOVNA - CC Support\",\"isPartOf\":{\"@id\":\"https:\/\/ccsupport.biz\/#website\"},\"datePublished\":\"2015-03-25T14:57:36+00:00\",\"dateModified\":\"2015-12-23T10:00:58+00:00\",\"breadcrumb\":{\"@id\":\"https:\/\/ccsupport.biz\/sr\/#breadcrumb\"},\"inLanguage\":\"sr-RS\",\"potentialAction\":[{\"@type\":\"ReadAction\",\"target\":[\"https:\/\/ccsupport.biz\/sr\/\"]}]},{\"@type\":\"BreadcrumbList\",\"@id\":\"https:\/\/ccsupport.biz\/sr\/#breadcrumb\",\"itemListElement\":[{\"@type\":\"ListItem\",\"position\":1,\"name\":\"Home\",\"item\":\"https:\/\/ccsupport.biz\/sr\/\"},{\"@type\":\"ListItem\",\"position\":2,\"name\":\"NASLOVNA\"}]}]}<\/script>\n<!-- \/ Yoast SEO plugin. -->","yoast_head_json":{"title":"NASLOVNA - CC Support","robots":{"index":"noindex","follow":"follow","max-snippet":"max-snippet:-1","max-image-preview":"max-image-preview:large","max-video-preview":"max-video-preview:-1"},"og_locale":"sr_RS","og_type":"article","og_title":"NASLOVNA - CC Support","og_description":"Preuzmite kontrolu nad va\u0161im ra\u010dunom za mobilni telefon Jednostavno pogledajte transakciju ili otka\u017eite pretplate koje terete va\u0161 ra\u010dun mobilnog telefona. Jednostavno se ulogujte koristec\u0301i svoj broj telefona, druge informacije ili registracija nisu potrebni. Kada se ulogujete, mo\u017eete videti sve transakcije i da upravljate pretplatama sa lakoc\u0301om.","og_url":"https:\/\/ccsupport.biz\/sr\/","og_site_name":"CC Support","article_modified_time":"2015-12-23T10:00:58+00:00","schema":{"@context":"https:\/\/schema.org","@graph":[{"@type":"WebSite","@id":"https:\/\/ccsupport.biz\/#website","url":"https:\/\/ccsupport.biz\/","name":"CC Support","description":"","potentialAction":[{"@type":"SearchAction","target":{"@type":"EntryPoint","urlTemplate":"https:\/\/ccsupport.biz\/?s={search_term_string}"},"query-input":"required name=search_term_string"}],"inLanguage":"sr-RS"},{"@type":"WebPage","@id":"https:\/\/ccsupport.biz\/sr\/#webpage","url":"https:\/\/ccsupport.biz\/sr\/","name":"NASLOVNA - CC Support","isPartOf":{"@id":"https:\/\/ccsupport.biz\/#website"},"datePublished":"2015-03-25T14:57:36+00:00","dateModified":"2015-12-23T10:00:58+00:00","breadcrumb":{"@id":"https:\/\/ccsupport.biz\/sr\/#breadcrumb"},"inLanguage":"sr-RS","potentialAction":[{"@type":"ReadAction","target":["https:\/\/ccsupport.biz\/sr\/"]}]},{"@type":"BreadcrumbList","@id":"https:\/\/ccsupport.biz\/sr\/#breadcrumb","itemListElement":[{"@type":"ListItem","position":1,"name":"Home","item":"https:\/\/ccsupport.biz\/sr\/"},{"@type":"ListItem","position":2,"name":"NASLOVNA"}]}]}},"_links":{"self":[{"href":"https:\/\/www.ccsupport.biz\/sr\/wp-json\/wp\/v2\/pages\/50797"}],"collection":[{"href":"https:\/\/www.ccsupport.biz\/sr\/wp-json\/wp\/v2\/pages"}],"about":[{"href":"https:\/\/www.ccsupport.biz\/sr\/wp-json\/wp\/v2\/types\/page"}],"author":[{"embeddable":true,"href":"https:\/\/www.ccsupport.biz\/sr\/wp-json\/wp\/v2\/users\/2"}],"replies":[{"embeddable":true,"href":"https:\/\/www.ccsupport.biz\/sr\/wp-json\/wp\/v2\/comments?post=50797"}],"version-history":[{"count":0,"href":"https:\/\/www.ccsupport.biz\/sr\/wp-json\/wp\/v2\/pages\/50797\/revisions"}],"wp:attachment":[{"href":"https:\/\/www.ccsupport.biz\/sr\/wp-json\/wp\/v2\/media?parent=50797"}],"curies":[{"name":"wp","href":"https:\/\/api.w.org\/{rel}","templated":true}]}}