{"id":50839,"date":"2015-03-25T14:58:26","date_gmt":"2015-03-25T14:58:26","guid":{"rendered":"http:\/\/ccsupport.biz\/sr\/contact\/"},"modified":"2015-12-23T10:57:26","modified_gmt":"2015-12-23T09:57:26","slug":"contact","status":"publish","type":"page","link":"https:\/\/www.ccsupport.biz\/sr\/contact\/","title":{"rendered":"KONTAKT"},"content":{"rendered":"<h3>Va\u0161e zadovoljstvo je veoma va\u017eno za nas!!<\/h3>\n<p>Zato nudimo pouzdan, jednostavan servis koji pru\u017ea ta\u010dne informacije o plac\u0301anju sa mobilnog telefona. Na\u0107i\u0107ete informacije o svim transakcijama i drugim va\u017enim informacijama. Me\u0111utim, ako i pored toga \u017eelite da nas kontaktirate, u\u010dinite to u odgovaraju\u0107oj kontaktnoj formi .<\/p>\n","protected":false},"excerpt":{"rendered":"<p>Va\u0161e zadovoljstvo je veoma va\u017eno za nas!! Zato nudimo pouzdan, jednostavan servis koji pru\u017ea ta\u010dne informacije o plac\u0301anju sa mobilnog telefona. Na\u0107i\u0107ete informacije o svim transakcijama i drugim va\u017enim informacijama. Me\u0111utim, ako i pored toga \u017eelite da nas kontaktirate, u\u010dinite to u odgovaraju\u0107oj kontaktnoj formi .<\/p>\n","protected":false},"author":2,"featured_media":0,"parent":0,"menu_order":4,"comment_status":"open","ping_status":"closed","template":"template-contact.php","meta":[],"yoast_head":"<!-- This site is optimized with the Yoast SEO plugin v18.6 - https:\/\/yoast.com\/wordpress\/plugins\/seo\/ -->\n<title>KONTAKT - CC Support<\/title>\n<meta name=\"robots\" content=\"noindex, follow, max-snippet:-1, max-image-preview:large, max-video-preview:-1\" \/>\n<meta property=\"og:locale\" content=\"sr_RS\" \/>\n<meta property=\"og:type\" content=\"article\" \/>\n<meta property=\"og:title\" content=\"KONTAKT - CC Support\" \/>\n<meta property=\"og:description\" content=\"Va\u0161e zadovoljstvo je veoma va\u017eno za nas!! Zato nudimo pouzdan, jednostavan servis koji pru\u017ea ta\u010dne informacije o plac\u0301anju sa mobilnog telefona. Na\u0107i\u0107ete informacije o svim transakcijama i drugim va\u017enim informacijama. Me\u0111utim, ako i pored toga \u017eelite da nas kontaktirate, u\u010dinite to u odgovaraju\u0107oj kontaktnoj formi .\" \/>\n<meta property=\"og:url\" content=\"https:\/\/www.ccsupport.biz\/sr\/contact\/\" \/>\n<meta property=\"og:site_name\" content=\"CC Support\" \/>\n<meta property=\"article:modified_time\" content=\"2015-12-23T09:57:26+00:00\" \/>\n<script type=\"application\/ld+json\" class=\"yoast-schema-graph\">{\"@context\":\"https:\/\/schema.org\",\"@graph\":[{\"@type\":\"WebSite\",\"@id\":\"https:\/\/ccsupport.biz\/#website\",\"url\":\"https:\/\/ccsupport.biz\/\",\"name\":\"CC Support\",\"description\":\"\",\"potentialAction\":[{\"@type\":\"SearchAction\",\"target\":{\"@type\":\"EntryPoint\",\"urlTemplate\":\"https:\/\/ccsupport.biz\/?s={search_term_string}\"},\"query-input\":\"required name=search_term_string\"}],\"inLanguage\":\"sr-RS\"},{\"@type\":\"WebPage\",\"@id\":\"https:\/\/www.ccsupport.biz\/sr\/contact\/#webpage\",\"url\":\"https:\/\/www.ccsupport.biz\/sr\/contact\/\",\"name\":\"KONTAKT - CC Support\",\"isPartOf\":{\"@id\":\"https:\/\/ccsupport.biz\/#website\"},\"datePublished\":\"2015-03-25T14:58:26+00:00\",\"dateModified\":\"2015-12-23T09:57:26+00:00\",\"breadcrumb\":{\"@id\":\"https:\/\/www.ccsupport.biz\/sr\/contact\/#breadcrumb\"},\"inLanguage\":\"sr-RS\",\"potentialAction\":[{\"@type\":\"ReadAction\",\"target\":[\"https:\/\/www.ccsupport.biz\/sr\/contact\/\"]}]},{\"@type\":\"BreadcrumbList\",\"@id\":\"https:\/\/www.ccsupport.biz\/sr\/contact\/#breadcrumb\",\"itemListElement\":[{\"@type\":\"ListItem\",\"position\":1,\"name\":\"Home\",\"item\":\"https:\/\/ccsupport.biz\/sr\/\"},{\"@type\":\"ListItem\",\"position\":2,\"name\":\"KONTAKT\"}]}]}<\/script>\n<!-- \/ Yoast SEO plugin. -->","yoast_head_json":{"title":"KONTAKT - CC Support","robots":{"index":"noindex","follow":"follow","max-snippet":"max-snippet:-1","max-image-preview":"max-image-preview:large","max-video-preview":"max-video-preview:-1"},"og_locale":"sr_RS","og_type":"article","og_title":"KONTAKT - CC Support","og_description":"Va\u0161e zadovoljstvo je veoma va\u017eno za nas!! Zato nudimo pouzdan, jednostavan servis koji pru\u017ea ta\u010dne informacije o plac\u0301anju sa mobilnog telefona. Na\u0107i\u0107ete informacije o svim transakcijama i drugim va\u017enim informacijama. Me\u0111utim, ako i pored toga \u017eelite da nas kontaktirate, u\u010dinite to u odgovaraju\u0107oj kontaktnoj formi .","og_url":"https:\/\/www.ccsupport.biz\/sr\/contact\/","og_site_name":"CC Support","article_modified_time":"2015-12-23T09:57:26+00:00","schema":{"@context":"https:\/\/schema.org","@graph":[{"@type":"WebSite","@id":"https:\/\/ccsupport.biz\/#website","url":"https:\/\/ccsupport.biz\/","name":"CC Support","description":"","potentialAction":[{"@type":"SearchAction","target":{"@type":"EntryPoint","urlTemplate":"https:\/\/ccsupport.biz\/?s={search_term_string}"},"query-input":"required name=search_term_string"}],"inLanguage":"sr-RS"},{"@type":"WebPage","@id":"https:\/\/www.ccsupport.biz\/sr\/contact\/#webpage","url":"https:\/\/www.ccsupport.biz\/sr\/contact\/","name":"KONTAKT - CC Support","isPartOf":{"@id":"https:\/\/ccsupport.biz\/#website"},"datePublished":"2015-03-25T14:58:26+00:00","dateModified":"2015-12-23T09:57:26+00:00","breadcrumb":{"@id":"https:\/\/www.ccsupport.biz\/sr\/contact\/#breadcrumb"},"inLanguage":"sr-RS","potentialAction":[{"@type":"ReadAction","target":["https:\/\/www.ccsupport.biz\/sr\/contact\/"]}]},{"@type":"BreadcrumbList","@id":"https:\/\/www.ccsupport.biz\/sr\/contact\/#breadcrumb","itemListElement":[{"@type":"ListItem","position":1,"name":"Home","item":"https:\/\/ccsupport.biz\/sr\/"},{"@type":"ListItem","position":2,"name":"KONTAKT"}]}]}},"_links":{"self":[{"href":"https:\/\/www.ccsupport.biz\/sr\/wp-json\/wp\/v2\/pages\/50839"}],"collection":[{"href":"https:\/\/www.ccsupport.biz\/sr\/wp-json\/wp\/v2\/pages"}],"about":[{"href":"https:\/\/www.ccsupport.biz\/sr\/wp-json\/wp\/v2\/types\/page"}],"author":[{"embeddable":true,"href":"https:\/\/www.ccsupport.biz\/sr\/wp-json\/wp\/v2\/users\/2"}],"replies":[{"embeddable":true,"href":"https:\/\/www.ccsupport.biz\/sr\/wp-json\/wp\/v2\/comments?post=50839"}],"version-history":[{"count":0,"href":"https:\/\/www.ccsupport.biz\/sr\/wp-json\/wp\/v2\/pages\/50839\/revisions"}],"wp:attachment":[{"href":"https:\/\/www.ccsupport.biz\/sr\/wp-json\/wp\/v2\/media?parent=50839"}],"curies":[{"name":"wp","href":"https:\/\/api.w.org\/{rel}","templated":true}]}}