{"id":48273,"date":"2015-03-25T14:58:26","date_gmt":"2015-03-25T14:58:26","guid":{"rendered":"http:\/\/ccsupport.biz\/sv\/contact\/"},"modified":"2015-12-14T16:04:54","modified_gmt":"2015-12-14T15:04:54","slug":"contact","status":"publish","type":"page","link":"https:\/\/www.ccsupport.biz\/sv\/contact\/","title":{"rendered":"KONTAKT"},"content":{"rendered":"<h3>Din tillfredsst\u00e4llelse \u00e4r mycket viktig f\u00f6r oss!<\/h3>\n<p>Det \u00e4r d\u00e4rf\u00f6r vi erbjuder en p\u00e5litlig, enkel tj\u00e4nst som ger noggrann information om mobiltelefon fakturering. H\u00e4r hittar du information om alla transaktioner och annan viktig information. Men om du fortfarande k\u00e4nner till att du vill kontakta oss, v\u00e4nligen g\u00f6r det med hj\u00e4lp av kontaktformul\u00e4ret.<\/p>\n","protected":false},"excerpt":{"rendered":"<p>Din tillfredsst\u00e4llelse \u00e4r mycket viktig f\u00f6r oss! Det \u00e4r d\u00e4rf\u00f6r vi erbjuder en p\u00e5litlig, enkel tj\u00e4nst som ger noggrann information om mobiltelefon fakturering. H\u00e4r hittar du information om alla transaktioner och annan viktig information. Men om du fortfarande k\u00e4nner till att du vill kontakta oss, v\u00e4nligen g\u00f6r det med hj\u00e4lp av kontaktformul\u00e4ret.<\/p>\n","protected":false},"author":2,"featured_media":0,"parent":0,"menu_order":4,"comment_status":"open","ping_status":"closed","template":"template-contact.php","meta":[],"yoast_head":"<!-- This site is optimized with the Yoast SEO plugin v18.6 - https:\/\/yoast.com\/wordpress\/plugins\/seo\/ -->\n<title>KONTAKT - CC Support<\/title>\n<meta name=\"robots\" content=\"noindex, follow, max-snippet:-1, max-image-preview:large, max-video-preview:-1\" \/>\n<meta property=\"og:locale\" content=\"sv_SE\" \/>\n<meta property=\"og:type\" content=\"article\" \/>\n<meta property=\"og:title\" content=\"KONTAKT - CC Support\" \/>\n<meta property=\"og:description\" content=\"Din tillfredsst\u00e4llelse \u00e4r mycket viktig f\u00f6r oss! Det \u00e4r d\u00e4rf\u00f6r vi erbjuder en p\u00e5litlig, enkel tj\u00e4nst som ger noggrann information om mobiltelefon fakturering. H\u00e4r hittar du information om alla transaktioner och annan viktig information. Men om du fortfarande k\u00e4nner till att du vill kontakta oss, v\u00e4nligen g\u00f6r det med hj\u00e4lp av kontaktformul\u00e4ret.\" \/>\n<meta property=\"og:url\" content=\"https:\/\/ccsupport.biz\/sv\/contact\/\" \/>\n<meta property=\"og:site_name\" content=\"CC Support\" \/>\n<meta property=\"article:modified_time\" content=\"2015-12-14T15:04:54+00:00\" \/>\n<script type=\"application\/ld+json\" class=\"yoast-schema-graph\">{\"@context\":\"https:\/\/schema.org\",\"@graph\":[{\"@type\":\"WebSite\",\"@id\":\"https:\/\/ccsupport.biz\/#website\",\"url\":\"https:\/\/ccsupport.biz\/\",\"name\":\"CC Support\",\"description\":\"\",\"potentialAction\":[{\"@type\":\"SearchAction\",\"target\":{\"@type\":\"EntryPoint\",\"urlTemplate\":\"https:\/\/ccsupport.biz\/?s={search_term_string}\"},\"query-input\":\"required name=search_term_string\"}],\"inLanguage\":\"sv-SE\"},{\"@type\":\"WebPage\",\"@id\":\"https:\/\/ccsupport.biz\/sv\/contact\/#webpage\",\"url\":\"https:\/\/ccsupport.biz\/sv\/contact\/\",\"name\":\"KONTAKT - CC Support\",\"isPartOf\":{\"@id\":\"https:\/\/ccsupport.biz\/#website\"},\"datePublished\":\"2015-03-25T14:58:26+00:00\",\"dateModified\":\"2015-12-14T15:04:54+00:00\",\"breadcrumb\":{\"@id\":\"https:\/\/ccsupport.biz\/sv\/contact\/#breadcrumb\"},\"inLanguage\":\"sv-SE\",\"potentialAction\":[{\"@type\":\"ReadAction\",\"target\":[\"https:\/\/ccsupport.biz\/sv\/contact\/\"]}]},{\"@type\":\"BreadcrumbList\",\"@id\":\"https:\/\/ccsupport.biz\/sv\/contact\/#breadcrumb\",\"itemListElement\":[{\"@type\":\"ListItem\",\"position\":1,\"name\":\"Home\",\"item\":\"https:\/\/ccsupport.biz\/sv\/\"},{\"@type\":\"ListItem\",\"position\":2,\"name\":\"KONTAKT\"}]}]}<\/script>\n<!-- \/ Yoast SEO plugin. -->","yoast_head_json":{"title":"KONTAKT - CC Support","robots":{"index":"noindex","follow":"follow","max-snippet":"max-snippet:-1","max-image-preview":"max-image-preview:large","max-video-preview":"max-video-preview:-1"},"og_locale":"sv_SE","og_type":"article","og_title":"KONTAKT - CC Support","og_description":"Din tillfredsst\u00e4llelse \u00e4r mycket viktig f\u00f6r oss! Det \u00e4r d\u00e4rf\u00f6r vi erbjuder en p\u00e5litlig, enkel tj\u00e4nst som ger noggrann information om mobiltelefon fakturering. H\u00e4r hittar du information om alla transaktioner och annan viktig information. Men om du fortfarande k\u00e4nner till att du vill kontakta oss, v\u00e4nligen g\u00f6r det med hj\u00e4lp av kontaktformul\u00e4ret.","og_url":"https:\/\/ccsupport.biz\/sv\/contact\/","og_site_name":"CC Support","article_modified_time":"2015-12-14T15:04:54+00:00","schema":{"@context":"https:\/\/schema.org","@graph":[{"@type":"WebSite","@id":"https:\/\/ccsupport.biz\/#website","url":"https:\/\/ccsupport.biz\/","name":"CC Support","description":"","potentialAction":[{"@type":"SearchAction","target":{"@type":"EntryPoint","urlTemplate":"https:\/\/ccsupport.biz\/?s={search_term_string}"},"query-input":"required name=search_term_string"}],"inLanguage":"sv-SE"},{"@type":"WebPage","@id":"https:\/\/ccsupport.biz\/sv\/contact\/#webpage","url":"https:\/\/ccsupport.biz\/sv\/contact\/","name":"KONTAKT - CC Support","isPartOf":{"@id":"https:\/\/ccsupport.biz\/#website"},"datePublished":"2015-03-25T14:58:26+00:00","dateModified":"2015-12-14T15:04:54+00:00","breadcrumb":{"@id":"https:\/\/ccsupport.biz\/sv\/contact\/#breadcrumb"},"inLanguage":"sv-SE","potentialAction":[{"@type":"ReadAction","target":["https:\/\/ccsupport.biz\/sv\/contact\/"]}]},{"@type":"BreadcrumbList","@id":"https:\/\/ccsupport.biz\/sv\/contact\/#breadcrumb","itemListElement":[{"@type":"ListItem","position":1,"name":"Home","item":"https:\/\/ccsupport.biz\/sv\/"},{"@type":"ListItem","position":2,"name":"KONTAKT"}]}]}},"_links":{"self":[{"href":"https:\/\/www.ccsupport.biz\/sv\/wp-json\/wp\/v2\/pages\/48273"}],"collection":[{"href":"https:\/\/www.ccsupport.biz\/sv\/wp-json\/wp\/v2\/pages"}],"about":[{"href":"https:\/\/www.ccsupport.biz\/sv\/wp-json\/wp\/v2\/types\/page"}],"author":[{"embeddable":true,"href":"https:\/\/www.ccsupport.biz\/sv\/wp-json\/wp\/v2\/users\/2"}],"replies":[{"embeddable":true,"href":"https:\/\/www.ccsupport.biz\/sv\/wp-json\/wp\/v2\/comments?post=48273"}],"version-history":[{"count":0,"href":"https:\/\/www.ccsupport.biz\/sv\/wp-json\/wp\/v2\/pages\/48273\/revisions"}],"wp:attachment":[{"href":"https:\/\/www.ccsupport.biz\/sv\/wp-json\/wp\/v2\/media?parent=48273"}],"curies":[{"name":"wp","href":"https:\/\/api.w.org\/{rel}","templated":true}]}}